{"id":11574,"date":"2022-12-19T22:07:47","date_gmt":"2022-12-19T21:07:47","guid":{"rendered":"https:\/\/marito.pl\/?page_id=11574"},"modified":"2023-02-13T22:33:11","modified_gmt":"2023-02-13T21:33:11","slug":"pro-architekty-a-navrhare","status":"publish","type":"page","link":"https:\/\/marito.pl\/cs\/pro-architekty-a-navrhare\/","title":{"rendered":"Pro architekty"},"content":{"rendered":"<div class=\"wpb-content-wrapper\"><p>[vc_row][vc_column][vc_column_text]<\/p>\n<h6><span style=\"color: #000000;\">Spolupr\u00e1ce s architekty, n\u00e1vrh\u00e1\u0159i interi\u00e9r\u016f a projek\u010dn\u00edmi kancel\u00e1\u0159emi je jednou z nejd\u016fle\u017eit\u011bj\u0161\u00edch sou\u010d\u00e1st\u00ed na\u0161\u00ed nab\u00eddky. V\u00edme, \u017ee pouze spolupr\u00e1ce s nejlep\u0161\u00edmi profesion\u00e1ln\u00edmi partnery n\u00e1m umo\u017en\u00ed dos\u00e1hnout \u00fasp\u011bch a zajistit spokojenost na\u0161ich z\u00e1kazn\u00edk\u016f.<\/span><\/h6>\n<p>&nbsp;<\/p>\n<h6><strong><span style=\"color: #000000;\">Co m\u016f\u017eeme nab\u00eddnout?<\/span><\/strong><\/h6>\n<h6 style=\"padding-left: 40px;\"><span style=\"color: #000000;\">\u25cf Na\u0161im partner\u016fm poskytujeme vzorn\u00edky materi\u00e1l\u016f a povrchov\u00fdch \u00faprav. To podstatn\u011b usnad\u0148uje zpracov\u00e1n n\u00e1vrh\u016f za\u0159\u00edzen\u00ed soukrom\u00fdch a firemn\u00edch interi\u00e9r\u016f podle p\u0159\u00e1n\u00ed z\u00e1kazn\u00edk\u016f. Vzorky umo\u017e\u0148uj\u00ed si dob\u0159e vybrat jednotliv\u00e9 sou\u010d\u00e1st\u00ed za\u0159\u00edzen\u00ed a budou tak\u00e9 n\u00e1pomocn\u00e9 p\u0159i jedn\u00e1n\u00ed se z\u00e1kazn\u00edky.<\/span><\/h6>\n<h6 style=\"padding-left: 40px;\"><span style=\"color: #000000;\">\u25cf Tak\u00e9 nab\u00edz\u00edme podporu p\u0159i zpracov\u00e1n\u00ed realiza\u010dn\u00edho projektu \u2013 m\u00e1me 15 let zku\u0161enost\u00ed v oboru, kter\u00e9 mohou na\u0161i partne\u0159i vyu\u017e\u00edt! Poskytujeme poradenstv\u00ed a nab\u00edz\u00edme osv\u011bd\u010den\u00e1 \u0159e\u0161en\u00ed!<\/span><\/h6>\n<h6 style=\"padding-left: 40px;\"><span style=\"color: #000000;\">\u25cf Garantujeme rychl\u00e9 realiza\u010dn\u00ed lh\u016fty. Detaily dohodneme individu\u00e1ln\u011b po sezn\u00e1men\u00ed se s cel\u00fdm projektem. V\u017edy dodr\u017e\u00edme zasmluvn\u011bn\u00e9 term\u00edny. Pokud budete s n\u00e1mi spolupracovat, m\u016f\u017eete si b\u00fdt jist\u00ed, \u017ee z\u00e1kazn\u00edci si za\u0159\u00edd\u00ed sv\u016fj d\u016fm nebo kancel\u00e1\u0159 v\u010das.<\/span><\/h6>\n<h6 style=\"padding-left: 40px;\"><span style=\"color: #000000;\">\u25cf Neust\u00e1le se rozv\u00edj\u00edme \u2013 spole\u010dn\u011b s n\u00e1mi budete moci nab\u00eddnout sv\u00fdm z\u00e1kazn\u00edk\u016fm inovativn\u00ed \u0159e\u0161en\u00ed a p\u0159edstihnout tak konkurenci. R\u00e1di pro V\u00e1s vyrob\u00edme n\u00e1bytek a kompletn\u00ed modern\u00ed za\u0159\u00edzen\u00ed, kter\u00e9 nen\u00ed k dost\u00e1n\u00ed nikde jinde! Neomezujeme kreativitu na\u0161ich partner\u016f \u2013 pr\u00e1v\u011b naopak, sna\u017e\u00edme se dr\u017eet s nimi krok.<\/span><\/h6>\n<h6 style=\"padding-left: 40px;\"><span style=\"color: #000000;\">\u25cf Nab\u00edz\u00edme komplexn\u00ed realizaci projekt\u016f. Nevyu\u017e\u00edv\u00e1me subdodavatele, a to i pokud bude n\u00e1bytek obsahovat \u010daloun\u011bn\u00e9, ocelov\u00e9, sklen\u011bn\u00e9, betonov\u00e9 nebo kamenn\u00e9 sou\u010d\u00e1sti. D\u00edky tomu budete spolupracovat pouze s jednou firmou Marito, a u\u0161et\u0159\u00edte tak spoustu \u010dasu a pen\u011bz! Garantujeme kvalitu ka\u017ed\u00e9ho n\u00e1mi dodan\u00e9ho v\u00fdrobku.<\/span><\/h6>\n<h6 style=\"padding-left: 40px;\"><span style=\"color: #000000;\">\u25cf Pou\u017e\u00edv\u00e1me pouze nejkvalitn\u011bj\u0161\u00ed materi\u00e1ly, na kter\u00e9 poskytujeme z\u00e1ruku. Pou\u017e\u00edv\u00e1me atestovan\u00e9 laky (bezpe\u010dn\u00e9 pro d\u011bti), syst\u00e9my Blum, Peka a Hettich a desky Egger. D\u00edky tomu v\u0161emu nab\u00edz\u00edme n\u00e1bytek, kter\u00fd si dlouho udr\u017e\u00ed funk\u010dnost a hezk\u00fd vzhled.<\/span><\/h6>\n<h6 style=\"padding-left: 40px;\"><span style=\"color: #000000;\">\u25cf Celou zak\u00e1zku nejenom vyrob\u00edme, ale tak\u00e9 doprav\u00edme na ur\u010den\u00e9 m\u00edsto a namontujeme, a to bez dal\u0161\u00edch p\u0159\u00edplatk\u016f! Pokud se rozhodnete s n\u00e1mi spolupracovat, dostanete komplexn\u00ed slu\u017ebu. Na V\u00e1s zbude pouze zpracov\u00e1n\u00ed n\u00e1vrhu! Zbytek nech\u00e1te v na\u0161ich rukou \u2013 ur\u010dit\u011b nebudete zklam\u00e1ni!<\/span><\/h6>\n<h6 style=\"padding-left: 40px;\"><span style=\"color: #000000;\">\u25cf Na\u0161im partner\u016fm nab\u00edz\u00edme mo\u017enost dal\u0161\u00ed propagace slu\u017eeb formou reklamy v interi\u00e9rov\u00fdch \u010dasopisech a na na\u0161ich soci\u00e1ln\u00edch s\u00edt\u00edch! Spolupr\u00e1ce s n\u00e1mi V\u00e1m umo\u017en\u00ed z\u00edskat dal\u0161\u00ed z\u00e1kazn\u00edky! D\u00edky tomu urychl\u00edte sv\u016fj r\u016fst a z\u00edsk\u00e1te mo\u017enost realizace st\u00e1le v\u011bt\u0161\u00edch a zaj\u00edmav\u011bj\u0161\u00edch projekt\u016f!<\/span><\/h6>\n<h6 style=\"padding-left: 40px;\"><span style=\"color: #000000;\">\u25cf Nab\u00edz\u00edme velmi p\u0159\u00edzniv\u00e9 podm\u00ednky financov\u00e1n\u00ed \u2013 ur\u010dit\u011b V\u00e1m budou vyhovovat.<\/span><\/h6>\n<p>&nbsp;<\/p>\n<h6><strong><span style=\"color: #000000;\">Chcete se dozv\u011bd\u011bt detailn\u00ed podm\u00ednky spolupr\u00e1ce? Kontaktujte n\u00e1s e-mailem nebo telefonicky! R\u00e1di zodpov\u00edme v\u0161echny dotazy a dohodneme si sch\u016fzku v na\u0161\u00ed kancel\u00e1\u0159i!<\/span><\/strong><\/h6>\n<p>[\/vc_column_text][vc_empty_space height=&#8220;100px&#8220;][\/vc_column][\/vc_row][vc_row row_content_width=&#8220;grid&#8220; content_text_aligment=&#8220;center&#8220;][vc_column offset=&#8220;vc_col-lg-offset-1 vc_col-lg-10&#8243;]<a itemprop=\"url\" href=\"https:\/\/marito.pl\/cs\/kontakt\/\" target=\"_self\"  class=\"qodef-btn qodef-btn-medium qodef-btn-solid\"  >\n\t        <span class=\"qodef-btn-text\">Kontakt<\/span>\n            <\/a>[\/vc_column][\/vc_row]<\/p>\n<\/div>","protected":false},"excerpt":{"rendered":"<p>[vc_row][vc_column][vc_column_text] Spolupr\u00e1ce s architekty, n\u00e1vrh\u00e1\u0159i interi\u00e9r\u016f a projek\u010dn\u00edmi kancel\u00e1\u0159emi je jednou z nejd\u016fle\u017eit\u011bj\u0161\u00edch sou\u010d\u00e1st\u00ed na\u0161\u00ed nab\u00eddky. V\u00edme, \u017ee pouze spolupr\u00e1ce s nejlep\u0161\u00edmi profesion\u00e1ln\u00edmi partnery n\u00e1m umo\u017en\u00ed dos\u00e1hnout \u00fasp\u011bch a zajistit spokojenost na\u0161ich z\u00e1kazn\u00edk\u016f. &nbsp; Co m\u016f\u017eeme nab\u00eddnout? \u25cf Na\u0161im partner\u016fm poskytujeme vzorn\u00edky materi\u00e1l\u016f a povrchov\u00fdch \u00faprav. To podstatn\u011b usnad\u0148uje zpracov\u00e1n [&hellip;]<\/p>\n","protected":false},"author":7,"featured_media":0,"parent":0,"menu_order":0,"comment_status":"closed","ping_status":"closed","template":"","meta":{"footnotes":""},"class_list":["post-11574","page","type-page","status-publish","hentry"],"yoast_head":"<!-- This site is optimized with the Yoast SEO plugin v25.8 - https:\/\/yoast.com\/wordpress\/plugins\/seo\/ -->\n<title>Pro architekty | Wroc\u0142aw, Warszawa - Marito<\/title>\n<meta name=\"description\" content=\"Marito \u27a4 Pro architekty \u2714\ufe0f Kompleksowe wykonanie \u2714\ufe0f Nowoczesne realizacje \u2b50 Sprawd\u017a!\" \/>\n<meta name=\"robots\" content=\"index, follow, max-snippet:-1, max-image-preview:large, max-video-preview:-1\" \/>\n<link rel=\"canonical\" href=\"https:\/\/marito.pl\/cs\/pro-architekty-a-navrhare\/\" \/>\n<meta property=\"og:locale\" content=\"cs_CZ\" \/>\n<meta property=\"og:type\" content=\"article\" \/>\n<meta property=\"og:title\" content=\"Pro architekty | Wroc\u0142aw, Warszawa - Marito\" \/>\n<meta property=\"og:description\" content=\"Marito \u27a4 Pro architekty \u2714\ufe0f Kompleksowe wykonanie \u2714\ufe0f Nowoczesne realizacje \u2b50 Sprawd\u017a!\" \/>\n<meta property=\"og:url\" content=\"https:\/\/marito.pl\/cs\/pro-architekty-a-navrhare\/\" \/>\n<meta property=\"og:site_name\" content=\"Meble na wymiar i na zam\u00f3wienie - Marito\" \/>\n<meta property=\"article:modified_time\" content=\"2023-02-13T21:33:11+00:00\" \/>\n<meta name=\"twitter:card\" content=\"summary_large_image\" \/>\n<meta name=\"twitter:label1\" content=\"Odhadovan\u00e1 doba \u010dten\u00ed\" \/>\n\t<meta name=\"twitter:data1\" content=\"3 minuty\" \/>\n<script type=\"application\/ld+json\" class=\"yoast-schema-graph\">{\"@context\":\"https:\/\/schema.org\",\"@graph\":[{\"@type\":\"WebPage\",\"@id\":\"https:\/\/marito.pl\/cs\/pro-architekty-a-navrhare\/\",\"url\":\"https:\/\/marito.pl\/cs\/pro-architekty-a-navrhare\/\",\"name\":\"Pro architekty | Wroc\u0142aw, Warszawa - Marito\",\"isPartOf\":{\"@id\":\"https:\/\/marito.pl\/cs\/#website\"},\"datePublished\":\"2022-12-19T21:07:47+00:00\",\"dateModified\":\"2023-02-13T21:33:11+00:00\",\"description\":\"Marito \u27a4 Pro architekty \u2714\ufe0f Kompleksowe wykonanie \u2714\ufe0f Nowoczesne realizacje \u2b50 Sprawd\u017a!\",\"breadcrumb\":{\"@id\":\"https:\/\/marito.pl\/cs\/pro-architekty-a-navrhare\/#breadcrumb\"},\"inLanguage\":\"cs\",\"potentialAction\":[{\"@type\":\"ReadAction\",\"target\":[\"https:\/\/marito.pl\/cs\/pro-architekty-a-navrhare\/\"]}]},{\"@type\":\"BreadcrumbList\",\"@id\":\"https:\/\/marito.pl\/cs\/pro-architekty-a-navrhare\/#breadcrumb\",\"itemListElement\":[{\"@type\":\"ListItem\",\"position\":1,\"name\":\"Strona g\u0142\u00f3wna\",\"item\":\"https:\/\/marito.pl\/cs\/\"},{\"@type\":\"ListItem\",\"position\":2,\"name\":\"Pro architekty\"}]},{\"@type\":\"WebSite\",\"@id\":\"https:\/\/marito.pl\/cs\/#website\",\"url\":\"https:\/\/marito.pl\/cs\/\",\"name\":\"MARITO Meble na Wymiar Warszawa\",\"description\":\"Meble na wymiar i zam\u00f3wienie bezpo\u015brednio od producenta. Solidny, pewny i sprawdzony wykonawca mebli na wymiar.\",\"alternateName\":\"MARITO\",\"potentialAction\":[{\"@type\":\"SearchAction\",\"target\":{\"@type\":\"EntryPoint\",\"urlTemplate\":\"https:\/\/marito.pl\/cs\/?s={search_term_string}\"},\"query-input\":{\"@type\":\"PropertyValueSpecification\",\"valueRequired\":true,\"valueName\":\"search_term_string\"}}],\"inLanguage\":\"cs\"}]}<\/script>\n<!-- \/ Yoast SEO plugin. -->","yoast_head_json":{"title":"Pro architekty | Wroc\u0142aw, Warszawa - Marito","description":"Marito \u27a4 Pro architekty \u2714\ufe0f Kompleksowe wykonanie \u2714\ufe0f Nowoczesne realizacje \u2b50 Sprawd\u017a!","robots":{"index":"index","follow":"follow","max-snippet":"max-snippet:-1","max-image-preview":"max-image-preview:large","max-video-preview":"max-video-preview:-1"},"canonical":"https:\/\/marito.pl\/cs\/pro-architekty-a-navrhare\/","og_locale":"cs_CZ","og_type":"article","og_title":"Pro architekty | Wroc\u0142aw, Warszawa - Marito","og_description":"Marito \u27a4 Pro architekty \u2714\ufe0f Kompleksowe wykonanie \u2714\ufe0f Nowoczesne realizacje \u2b50 Sprawd\u017a!","og_url":"https:\/\/marito.pl\/cs\/pro-architekty-a-navrhare\/","og_site_name":"Meble na wymiar i na zam\u00f3wienie - Marito","article_modified_time":"2023-02-13T21:33:11+00:00","twitter_card":"summary_large_image","twitter_misc":{"Odhadovan\u00e1 doba \u010dten\u00ed":"3 minuty"},"schema":{"@context":"https:\/\/schema.org","@graph":[{"@type":"WebPage","@id":"https:\/\/marito.pl\/cs\/pro-architekty-a-navrhare\/","url":"https:\/\/marito.pl\/cs\/pro-architekty-a-navrhare\/","name":"Pro architekty | Wroc\u0142aw, Warszawa - Marito","isPartOf":{"@id":"https:\/\/marito.pl\/cs\/#website"},"datePublished":"2022-12-19T21:07:47+00:00","dateModified":"2023-02-13T21:33:11+00:00","description":"Marito \u27a4 Pro architekty \u2714\ufe0f Kompleksowe wykonanie \u2714\ufe0f Nowoczesne realizacje \u2b50 Sprawd\u017a!","breadcrumb":{"@id":"https:\/\/marito.pl\/cs\/pro-architekty-a-navrhare\/#breadcrumb"},"inLanguage":"cs","potentialAction":[{"@type":"ReadAction","target":["https:\/\/marito.pl\/cs\/pro-architekty-a-navrhare\/"]}]},{"@type":"BreadcrumbList","@id":"https:\/\/marito.pl\/cs\/pro-architekty-a-navrhare\/#breadcrumb","itemListElement":[{"@type":"ListItem","position":1,"name":"Strona g\u0142\u00f3wna","item":"https:\/\/marito.pl\/cs\/"},{"@type":"ListItem","position":2,"name":"Pro architekty"}]},{"@type":"WebSite","@id":"https:\/\/marito.pl\/cs\/#website","url":"https:\/\/marito.pl\/cs\/","name":"MARITO Meble na Wymiar Warszawa","description":"Meble na wymiar i zam\u00f3wienie bezpo\u015brednio od producenta. Solidny, pewny i sprawdzony wykonawca mebli na wymiar.","alternateName":"MARITO","potentialAction":[{"@type":"SearchAction","target":{"@type":"EntryPoint","urlTemplate":"https:\/\/marito.pl\/cs\/?s={search_term_string}"},"query-input":{"@type":"PropertyValueSpecification","valueRequired":true,"valueName":"search_term_string"}}],"inLanguage":"cs"}]}},"_links":{"self":[{"href":"https:\/\/marito.pl\/cs\/wp-json\/wp\/v2\/pages\/11574","targetHints":{"allow":["GET"]}}],"collection":[{"href":"https:\/\/marito.pl\/cs\/wp-json\/wp\/v2\/pages"}],"about":[{"href":"https:\/\/marito.pl\/cs\/wp-json\/wp\/v2\/types\/page"}],"author":[{"embeddable":true,"href":"https:\/\/marito.pl\/cs\/wp-json\/wp\/v2\/users\/7"}],"replies":[{"embeddable":true,"href":"https:\/\/marito.pl\/cs\/wp-json\/wp\/v2\/comments?post=11574"}],"version-history":[{"count":0,"href":"https:\/\/marito.pl\/cs\/wp-json\/wp\/v2\/pages\/11574\/revisions"}],"wp:attachment":[{"href":"https:\/\/marito.pl\/cs\/wp-json\/wp\/v2\/media?parent=11574"}],"curies":[{"name":"wp","href":"https:\/\/api.w.org\/{rel}","templated":true}]}}