{"id":10379,"date":"2022-12-12T23:44:54","date_gmt":"2022-12-12T22:44:54","guid":{"rendered":"https:\/\/marito.pl\/?page_id=10379"},"modified":"2023-01-30T21:37:59","modified_gmt":"2023-01-30T20:37:59","slug":"karriere","status":"publish","type":"page","link":"https:\/\/marito.pl\/de\/karriere\/","title":{"rendered":"Karriere"},"content":{"rendered":"<div class=\"wpb-content-wrapper\"><p>[vc_row][vc_column][vc_column_text]<\/p>\n<h6><span style=\"color: #000000;\">Bei Marito schaffen wir seit 15 Jahren leidenschaftlich qualitativ hochwertige M\u00f6bel f\u00fcr den Heimgebrauch und die Inneneinrichtung von Unternehmen. Wenn du \u2013 genauso wie wir \u2013 den Kopf voller Ideen hast, dich kontinuierlich weiterentwickeln magst und gerne mit Menschen zusammenarbeitest, dann freuen wir uns dich kennenzulernen. Vielleicht wirst genau du in Zukunft Teil unseres Teams!<\/span><\/h6>\n<p>&nbsp;<\/p>\n<h6><strong><span style=\"color: #000000;\">T\u00e4tigkeitsbereich von Marito<\/span><\/strong><br \/>\n<span style=\"color: #000000;\">Bei Marito k\u00fcmmern wir uns um eine umfassende Auftragsabwicklung. Wir besch\u00e4ftigen uns nicht nur mit Design, Produktion und Montage von M\u00f6beln. Wir bieten unseren Kunden Hilfe und professionelle Beratung, deshalb wirst du dich in unserem Unternehmen in vielen, unterschiedlichen Bereichen weiterentwickeln k\u00f6nnen.<\/span><\/h6>\n<p>&nbsp;<\/p>\n<h6><strong><span style=\"color: #000000;\">Je nach Kompetenzen und F\u00e4higkeiten kannst du dich auf folgende Stellen bewerben:<\/span><\/strong><\/h6>\n<h6 style=\"padding-left: 40px;\"><span style=\"color: #000000;\">\u25cf In der Design-Abteilung: zu deinen Aufgaben z\u00e4hlen u.a. die Vorbereitung von Projekten gem\u00e4\u00df Kundenanforderung sowie der Kontakt mit unserem Vertrieb,<\/span><\/h6>\n<h6 style=\"padding-left: 40px;\"><span style=\"color: #000000;\">\u25cf In der Vertriebsabteilung: deine Hauptaufgabe ist der Kundenservice,<\/span><\/h6>\n<h6 style=\"padding-left: 40px;\"><span style=\"color: #000000;\">\u25cf In einem unserer Montageteams: wir laden insbesondere Personen ein, die bereits Erfahrung im Montageprozess von M\u00f6belsystemen besitzen.<\/span><\/h6>\n<h6><span style=\"color: #000000;\">Selbst wenn wir derzeit aktiv keinen Bewerber suchen sollten, nehmen wir gerne deine Initiativbewerbung entgegen und ber\u00fccksichtigen diese zu einem sp\u00e4teren Zeitpunkt. Gerne lernen wir dich kennen, sende uns deinen Lebenslauf und schreibe uns etwas \u00fcber dich unter der E-Mail-Adresse: rekrutacja@marito.pl. Denke daran, deiner Nachricht eine Klausel hinzuzuf\u00fcgen, die es uns erlaubt, deine personenbezogenen Daten zu verarbeiten: \u201eIch stimme zu, dass meine personenbezogenen Daten aus meiner Bewerbung zum Zweck des Bewerbungsprozesses verarbeitet werden d\u00fcrfen, gem\u00e4\u00df Verordnung vom 29. August 1997 \u00fcber den Schutz von personenbezogenen Daten (ABl. von 2016, Pos. 922). Zudem stimme ich der Verarbeitung meiner personenbezogenen Daten zwecks zuk\u00fcnftiger Bewerbungsprozesse zu.\u201c<\/span><\/h6>\n<h6><span style=\"color: #000000;\"><br \/>\n<strong>Was wir bieten?<\/strong><\/span><br \/>\n<span style=\"color: #000000;\"><strong>Wieso lohnt es sich, Teil des Marito-Teams zu werden?<\/strong><\/span><\/h6>\n<h6 style=\"padding-left: 40px;\"><span style=\"color: #000000;\">\u25cf Wir setzen auf kontinuierliche Weiterentwicklung \u2013 bei uns lernst du die besten Branchenl\u00f6sungen kennen und erf\u00e4hrst als erstes, welche Innovationen weltweit im Kommen sind. Zudem profitierst du von Schulungen, die deine Kompetenz und dein Wissen erweitern.<\/span><br \/>\n<span style=\"color: #000000;\"><br \/>\n\u25cf Wir bieten eine stabile Besch\u00e4ftigung auf Basis eines Arbeitsvertrags.<\/span><br \/>\n<span style=\"color: #000000;\"><br \/>\n\u25cf Wir sind offen f\u00fcr neue Ideen und Erfahrungen! Wir sch\u00e4tzen kreative Personen, wir h\u00f6ren ihnen zu und setzen gute Ideen in die Tat um. Bei uns wirst du nicht einfach stumpf deine Pflichten erf\u00fcllen. Wir geben dir Freiraum, damit du dich entfalten kannst.<\/span><br \/>\n<span style=\"color: #000000;\"><br \/>\n\u25cf Wir garantieren eine angenehme und innovative Arbeitsatmosph\u00e4re. In unserm Team sind Erfahrungsaustausch und gegenseitige Unterst\u00fctzung wichtig. Wir setzen zudem auf die Ideen unseres Teams und deren Ausarbeitung \u2013 dadurch sind wir in der Lage unseren Kunden weit mehr zu bieten als andere!<\/span><\/h6>\n<p>&nbsp;<\/p>\n<h6><strong><span style=\"color: #000000;\">Du bist an einer Zusammenarbeit interessiert? Wir warten auf deine Nachricht!<\/span><\/strong><\/h6>\n<p>[\/vc_column_text][\/vc_column][\/vc_row][vc_row][vc_column][vc_empty_space height=&#8220;100px&#8220;][\/vc_column][\/vc_row][vc_row row_content_width=&#8220;grid&#8220; content_text_aligment=&#8220;center&#8220; type=&#8220;solid&#8220; size=&#8220;&#8220; text=&#8220;Kontakt&#8220; target=&#8220;_self&#8220; icon_pack=&#8220;&#8220; dripicon=&#8220;&#8220; fe_icon=&#8220;&#8220; fa_icon=&#8220;&#8220; ion_icon=&#8220;&#8220; linea_icon=&#8220;&#8220; linear_icon=&#8220;&#8220; simple_line_icon=&#8220;&#8220; font_weight=&#8220;&#8220; text_transform=&#8220;&#8220; link=&#8220;\/de\/&#8220; custom_class=&#8220;&#8220; color=&#8220;&#8220; hover_color=&#8220;&#8220; background_color=&#8220;&#8220; hover_background_color=&#8220;&#8220; border_color=&#8220;&#8220; hover_border_color=&#8220;&#8220; font_size=&#8220;&#8220; margin=&#8220;&#8220; padding=&#8220;&#8220;][vc_column offset=&#8220;vc_col-lg-offset-1 vc_col-lg-10&#8243;]<a itemprop=\"url\" href=\"\/de\/kontakt\/\" target=\"_self\"  class=\"qodef-btn qodef-btn-medium qodef-btn-solid\"  >\n\t        <span class=\"qodef-btn-text\">Kontakt<\/span>\n            <\/a>[\/vc_column][\/vc_row]<\/p>\n<\/div>","protected":false},"excerpt":{"rendered":"<p>[vc_row][vc_column][vc_column_text] Bei Marito schaffen wir seit 15 Jahren leidenschaftlich qualitativ hochwertige M\u00f6bel f\u00fcr den Heimgebrauch und die Inneneinrichtung von Unternehmen. Wenn du \u2013 genauso wie wir \u2013 den Kopf voller Ideen hast, dich kontinuierlich weiterentwickeln magst und gerne mit Menschen zusammenarbeitest, dann freuen wir uns dich kennenzulernen. Vielleicht wirst genau [&hellip;]<\/p>\n","protected":false},"author":7,"featured_media":0,"parent":0,"menu_order":0,"comment_status":"closed","ping_status":"closed","template":"","meta":{"footnotes":""},"class_list":["post-10379","page","type-page","status-publish","hentry"],"yoast_head":"<!-- This site is optimized with the Yoast SEO plugin v25.8 - https:\/\/yoast.com\/wordpress\/plugins\/seo\/ -->\n<title>Karriere | Wroc\u0142aw, Warszawa - Marito<\/title>\n<meta name=\"description\" content=\"Marito \u27a4 Karriere \u2714\ufe0f Kompleksowe wykonanie \u2714\ufe0f Nowoczesne realizacje \u2b50 Sprawd\u017a!\" \/>\n<meta name=\"robots\" content=\"index, follow, max-snippet:-1, max-image-preview:large, max-video-preview:-1\" \/>\n<link rel=\"canonical\" href=\"https:\/\/marito.pl\/de\/karriere\/\" \/>\n<meta property=\"og:locale\" content=\"de_DE\" \/>\n<meta property=\"og:type\" content=\"article\" \/>\n<meta property=\"og:title\" content=\"Karriere | Wroc\u0142aw, Warszawa - Marito\" \/>\n<meta property=\"og:description\" content=\"Marito \u27a4 Karriere \u2714\ufe0f Kompleksowe wykonanie \u2714\ufe0f Nowoczesne realizacje \u2b50 Sprawd\u017a!\" \/>\n<meta property=\"og:url\" content=\"https:\/\/marito.pl\/de\/karriere\/\" \/>\n<meta property=\"og:site_name\" content=\"Meble na wymiar i na zam\u00f3wienie - Marito\" \/>\n<meta property=\"article:modified_time\" content=\"2023-01-30T20:37:59+00:00\" \/>\n<meta name=\"twitter:card\" content=\"summary_large_image\" \/>\n<meta name=\"twitter:label1\" content=\"Gesch\u00e4tzte Lesezeit\" \/>\n\t<meta name=\"twitter:data1\" content=\"3\u00a0Minuten\" \/>\n<script type=\"application\/ld+json\" class=\"yoast-schema-graph\">{\"@context\":\"https:\/\/schema.org\",\"@graph\":[{\"@type\":\"WebPage\",\"@id\":\"https:\/\/marito.pl\/de\/karriere\/\",\"url\":\"https:\/\/marito.pl\/de\/karriere\/\",\"name\":\"Karriere | Wroc\u0142aw, Warszawa - Marito\",\"isPartOf\":{\"@id\":\"https:\/\/marito.pl\/de\/#website\"},\"datePublished\":\"2022-12-12T22:44:54+00:00\",\"dateModified\":\"2023-01-30T20:37:59+00:00\",\"description\":\"Marito \u27a4 Karriere \u2714\ufe0f Kompleksowe wykonanie \u2714\ufe0f Nowoczesne realizacje \u2b50 Sprawd\u017a!\",\"breadcrumb\":{\"@id\":\"https:\/\/marito.pl\/de\/karriere\/#breadcrumb\"},\"inLanguage\":\"de\",\"potentialAction\":[{\"@type\":\"ReadAction\",\"target\":[\"https:\/\/marito.pl\/de\/karriere\/\"]}]},{\"@type\":\"BreadcrumbList\",\"@id\":\"https:\/\/marito.pl\/de\/karriere\/#breadcrumb\",\"itemListElement\":[{\"@type\":\"ListItem\",\"position\":1,\"name\":\"Strona g\u0142\u00f3wna\",\"item\":\"https:\/\/marito.pl\/de\/\"},{\"@type\":\"ListItem\",\"position\":2,\"name\":\"Karriere\"}]},{\"@type\":\"WebSite\",\"@id\":\"https:\/\/marito.pl\/de\/#website\",\"url\":\"https:\/\/marito.pl\/de\/\",\"name\":\"MARITO Meble na Wymiar Warszawa\",\"description\":\"Meble na wymiar i zam\u00f3wienie bezpo\u015brednio od producenta. Solidny, pewny i sprawdzony wykonawca mebli na wymiar.\",\"alternateName\":\"MARITO\",\"potentialAction\":[{\"@type\":\"SearchAction\",\"target\":{\"@type\":\"EntryPoint\",\"urlTemplate\":\"https:\/\/marito.pl\/de\/?s={search_term_string}\"},\"query-input\":{\"@type\":\"PropertyValueSpecification\",\"valueRequired\":true,\"valueName\":\"search_term_string\"}}],\"inLanguage\":\"de\"}]}<\/script>\n<!-- \/ Yoast SEO plugin. -->","yoast_head_json":{"title":"Karriere | Wroc\u0142aw, Warszawa - Marito","description":"Marito \u27a4 Karriere \u2714\ufe0f Kompleksowe wykonanie \u2714\ufe0f Nowoczesne realizacje \u2b50 Sprawd\u017a!","robots":{"index":"index","follow":"follow","max-snippet":"max-snippet:-1","max-image-preview":"max-image-preview:large","max-video-preview":"max-video-preview:-1"},"canonical":"https:\/\/marito.pl\/de\/karriere\/","og_locale":"de_DE","og_type":"article","og_title":"Karriere | Wroc\u0142aw, Warszawa - Marito","og_description":"Marito \u27a4 Karriere \u2714\ufe0f Kompleksowe wykonanie \u2714\ufe0f Nowoczesne realizacje \u2b50 Sprawd\u017a!","og_url":"https:\/\/marito.pl\/de\/karriere\/","og_site_name":"Meble na wymiar i na zam\u00f3wienie - Marito","article_modified_time":"2023-01-30T20:37:59+00:00","twitter_card":"summary_large_image","twitter_misc":{"Gesch\u00e4tzte Lesezeit":"3\u00a0Minuten"},"schema":{"@context":"https:\/\/schema.org","@graph":[{"@type":"WebPage","@id":"https:\/\/marito.pl\/de\/karriere\/","url":"https:\/\/marito.pl\/de\/karriere\/","name":"Karriere | Wroc\u0142aw, Warszawa - Marito","isPartOf":{"@id":"https:\/\/marito.pl\/de\/#website"},"datePublished":"2022-12-12T22:44:54+00:00","dateModified":"2023-01-30T20:37:59+00:00","description":"Marito \u27a4 Karriere \u2714\ufe0f Kompleksowe wykonanie \u2714\ufe0f Nowoczesne realizacje \u2b50 Sprawd\u017a!","breadcrumb":{"@id":"https:\/\/marito.pl\/de\/karriere\/#breadcrumb"},"inLanguage":"de","potentialAction":[{"@type":"ReadAction","target":["https:\/\/marito.pl\/de\/karriere\/"]}]},{"@type":"BreadcrumbList","@id":"https:\/\/marito.pl\/de\/karriere\/#breadcrumb","itemListElement":[{"@type":"ListItem","position":1,"name":"Strona g\u0142\u00f3wna","item":"https:\/\/marito.pl\/de\/"},{"@type":"ListItem","position":2,"name":"Karriere"}]},{"@type":"WebSite","@id":"https:\/\/marito.pl\/de\/#website","url":"https:\/\/marito.pl\/de\/","name":"MARITO Meble na Wymiar Warszawa","description":"Meble na wymiar i zam\u00f3wienie bezpo\u015brednio od producenta. Solidny, pewny i sprawdzony wykonawca mebli na wymiar.","alternateName":"MARITO","potentialAction":[{"@type":"SearchAction","target":{"@type":"EntryPoint","urlTemplate":"https:\/\/marito.pl\/de\/?s={search_term_string}"},"query-input":{"@type":"PropertyValueSpecification","valueRequired":true,"valueName":"search_term_string"}}],"inLanguage":"de"}]}},"_links":{"self":[{"href":"https:\/\/marito.pl\/de\/wp-json\/wp\/v2\/pages\/10379","targetHints":{"allow":["GET"]}}],"collection":[{"href":"https:\/\/marito.pl\/de\/wp-json\/wp\/v2\/pages"}],"about":[{"href":"https:\/\/marito.pl\/de\/wp-json\/wp\/v2\/types\/page"}],"author":[{"embeddable":true,"href":"https:\/\/marito.pl\/de\/wp-json\/wp\/v2\/users\/7"}],"replies":[{"embeddable":true,"href":"https:\/\/marito.pl\/de\/wp-json\/wp\/v2\/comments?post=10379"}],"version-history":[{"count":0,"href":"https:\/\/marito.pl\/de\/wp-json\/wp\/v2\/pages\/10379\/revisions"}],"wp:attachment":[{"href":"https:\/\/marito.pl\/de\/wp-json\/wp\/v2\/media?parent=10379"}],"curies":[{"name":"wp","href":"https:\/\/api.w.org\/{rel}","templated":true}]}}