{"id":10393,"date":"2022-12-12T23:45:31","date_gmt":"2022-12-12T22:45:31","guid":{"rendered":"https:\/\/marito.pl\/?page_id=10393"},"modified":"2023-01-30T21:58:52","modified_gmt":"2023-01-30T20:58:52","slug":"moebel-bestellen","status":"publish","type":"page","link":"https:\/\/marito.pl\/de\/moebel-bestellen\/","title":{"rendered":"M\u00f6bel bestellen"},"content":{"rendered":"<div class=\"wpb-content-wrapper\"><p>[vc_row row_content_width=&#8220;grid&#8220; content_text_aligment=&#8220;center&#8220; css=&#8220;.vc_custom_1569258029257{padding-top: 20px !important;padding-bottom: 175px !important;}&#8220;][vc_column width=&#8220;5\/6&#8243; offset=&#8220;vc_col-lg-offset-1 vc_col-lg-10&#8243;][vc_column_text]<\/p>\n<h6 style=\"text-align: center;\"><span style=\"color: #000000;\">Das Angebot von Marito richtet sich sowohl an entschlossene Menschen, die genau wissen, welche Art von M\u00f6beln sie in ihrer Wohnung oder ihrem B\u00fcro aufstellen wollen, als auch an diejenigen, die einfach nur eine Idee f\u00fcr ihren Raum suchen! In jeder Phase der Arbeit k\u00f6nnen Sie auf unser volles Engagement, unsere Unterst\u00fctzung und unsere professionelle Beratung z\u00e4hlen.<\/span><\/h6>\n<p>[\/vc_column_text][vc_empty_space height=&#8220;100px&#8220;][vc_column_text]<\/p>\n<h1 style=\"text-align: center;\">Perfektes Design und detaillierte Messung<\/h1>\n<p>[\/vc_column_text][vc_column_text]<\/p>\n<h6 style=\"text-align: center;\"><span style=\"color: #000000;\">Sie k\u00f6nnen die Arbeit mit Marito jederzeit aufnehmen, wenn es Ihnen passt:<\/span><\/h6>\n<p>[\/vc_column_text][\/vc_column][\/vc_row][vc_row full_width=&#8220;stretch_row&#8220;][vc_column width=&#8220;1\/3&#8243;][vc_column_text]<\/p>\n<h6 style=\"text-align: left;\"><span style=\"color: #000000;\">Senden Sie uns per E-Mail den Entwurf des einzurichtenden Raums oder eine Beschreibung der M\u00f6bel, die Sie bestellen m\u00f6chten (einschlie\u00dflich der Abmessungen). Wir schicken Ihnen ein kostenloses Angebot!<\/span><\/h6>\n<p>[\/vc_column_text][\/vc_column][vc_column width=&#8220;1\/3&#8243;][vc_column_text]<\/p>\n<h6 style=\"text-align: center;\"><span style=\"color: #000000;\">Vereinbaren Sie einen Termin in unserem B\u00fcro \u2013 wir besprechen die Einzelheiten und Sie haben die M\u00f6glichkeit, sich die verf\u00fcgbaren Muster anzusehen. Sobald wir uns \u00fcber die Einzelheiten geeinigt haben, erstellen wir sofort ein kostenloses Angebot.<\/span><\/h6>\n<p>[\/vc_column_text][\/vc_column][vc_column width=&#8220;1\/3&#8243;][vc_column_text]<\/p>\n<h6 style=\"text-align: right;\"><span style=\"color: #000000;\">Wir kommen zu Ihnen nach Hause oder ins B\u00fcro und nehmen sofort Ma\u00df. Nach unserem Besuch erhalten Sie per E-Mail einen genauen Kostenvoranschlag. Ein solches Treffen ist kostenpflichtig, aber sobald Sie eine Beziehung zu uns aufgebaut haben, sind die Kosten daf\u00fcr im Preis des Projekts enthalten.<\/span><\/h6>\n<p>[\/vc_column_text][\/vc_column][\/vc_row][vc_row][vc_column][vc_empty_space height=&#8220;100px&#8220;][vc_column_text]<\/p>\n<h1 style=\"text-align: center;\"><span style=\"color: #000000;\">Was nun? <\/span><\/h1>\n<p>[\/vc_column_text][vc_column_text]<\/p>\n<h6 style=\"text-align: center;\"><span style=\"color: #000000;\">Wenn Sie den vorbereiteten Kostenvoranschlag akzeptieren, werden wir die notwendigen Details f\u00fcr die Vertragsunterzeichnung festlegen \u2013 dies kann vor Ort, in unserem B\u00fcro oder online geschehen. Der Preis, den wir am Tag der Vertragsunterzeichnung festlegen, wird sich w\u00e4hrend der Ausf\u00fchrung Ihres Auftrags nicht \u00e4ndern. Auf diese Weise wird Sie in einem sp\u00e4teren Stadium der Arbeit nichts mehr \u00fcberraschen!<\/span><\/h6>\n<p>[\/vc_column_text][vc_column_text]<\/p>\n<h6 style=\"text-align: center;\"><span style=\"color: #000000;\">Wir nehmen dann ein detailliertes Aufma\u00df des Raumes und erstellen f\u00fcr Sie einen individuellen M\u00f6belentwurf nach Ihren Vorgaben. Bei der Vermessung und dem Entwurf Ihrer zuk\u00fcnftigen M\u00f6bel k\u00f6nnen Sie in jeder Hinsicht auf unsere Hilfe z\u00e4hlen! Wir beraten Sie bei der optimalen Gestaltung Ihrer Wohnzimmergarderobe oder bei der Anordnung Ihrer K\u00fcchenschr\u00e4nke. Wir helfen Ihnen, Ihre ungew\u00f6hnlichen Wohn- oder Gesch\u00e4ftsr\u00e4ume interessant und funktional zu gestalten.<\/span><\/h6>\n<p>[\/vc_column_text][vc_column_text]<\/p>\n<h6 style=\"text-align: center;\"><span style=\"color: #000000;\">In dieser Phase entscheiden Sie auch \u00fcber die Art der Verarbeitung, das Material und die Farbe der M\u00f6bel oder die Art des Zubeh\u00f6rs (Griffe, Leisten usw.). Ob die M\u00f6bel Polster-, Glas-, Stein- oder Betonelemente enthalten sollen, legen wir sp\u00e4testens in dieser Phase der Zusammenarbeit ebenfalls fest. Wir senden Ihnen das fertige Design an Ihre E-Mail-Adresse &#8211; dies ist der Zeitpunkt, an dem Sie eventuelle Anmerkungen machen k\u00f6nnen. Sobald der Entwurf genehmigt ist, k\u00fcmmern wir uns um seine umfassende Ausf\u00fchrung &#8211; Sie m\u00fcssen keine weiteren Subunternehmer hinzuziehen und sparen so Zeit und Geld.<\/span><\/h6>\n<p>[\/vc_column_text][vc_empty_space height=&#8220;100px&#8220;][vc_column_text]<\/p>\n<h1 style=\"text-align: center;\"><span style=\"color: #000000;\">Ihr Bestellvorgang<\/span><\/h1>\n<p>[\/vc_column_text][vc_column_text]<\/p>\n<h6 style=\"text-align: center;\"><span style=\"color: #000000;\">Sobald wir uns \u00fcber alle Details geeinigt und einen vertraglich best\u00e4tigten Liefertermin f\u00fcr Ihren Auftrag festgelegt haben, machen wir uns an die Arbeit! Wir liefern die fertigen M\u00f6bel zum vertraglich vereinbarten Termin. Unsere Mitarbeiter werden ihn schnell und effizient montieren und alle weiteren Fragen beantworten. Sollten jedoch sp\u00e4ter Zweifel oder zus\u00e4tzliche Fragen, z. B. zur Wartung der M\u00f6bel, auftauchen &#8211; wir stehen Ihnen weiterhin zur Verf\u00fcgung! Sie k\u00f6nnen uns jederzeit anrufen oder schreiben, wir werden Ihnen helfen!<\/span><\/h6>\n<p>[\/vc_column_text][vc_column_text]<\/p>\n<h6 style=\"text-align: center;\"><span style=\"color: #000000;\">Denken Sie daran, dass wir bei Marito von der Qualit\u00e4t der von uns angebotenen Produkte \u00fcberzeugt sind! Deshalb erhalten Sie bereits bei Vertragsabschluss eine 3-Jahres-Garantie f\u00fcr die kostenlose Anpassung von M\u00f6belsystemen! F\u00fcr einen Zeitraum von 3 Jahren gibt es au\u00dferdem eine allgemeine Garantie f\u00fcr die bestellten Produkte.<\/span><\/h6>\n<p>[\/vc_column_text][vc_column_text]<\/p>\n<h6 style=\"text-align: center;\"><span style=\"color: #000000;\">M\u00f6chten Sie noch mehr erfahren? Sehen Sie sich unser komplettes Angebot an oder kontaktieren Sie uns gleich!<\/span><\/h6>\n<p>[\/vc_column_text][vc_empty_space height=&#8220;50px&#8220;][\/vc_column][\/vc_row][vc_row row_content_width=&#8220;grid&#8220; content_text_aligment=&#8220;center&#8220; type=&#8220;solid&#8220; size=&#8220;&#8220; text=&#8220;Kontakt&#8220; target=&#8220;_self&#8220; icon_pack=&#8220;&#8220; dripicon=&#8220;&#8220; fe_icon=&#8220;&#8220; fa_icon=&#8220;&#8220; ion_icon=&#8220;&#8220; linea_icon=&#8220;&#8220; linear_icon=&#8220;&#8220; simple_line_icon=&#8220;&#8220; font_weight=&#8220;&#8220; text_transform=&#8220;&#8220; link=&#8220;https:\/\/marito.pl\/kontakt_meble_na_wymiar_i_na_zamowienie_marito_warszawa\/&#8220; custom_class=&#8220;&#8220; color=&#8220;&#8220; hover_color=&#8220;&#8220; background_color=&#8220;&#8220; hover_background_color=&#8220;&#8220; border_color=&#8220;&#8220; hover_border_color=&#8220;&#8220; font_size=&#8220;&#8220; margin=&#8220;&#8220; padding=&#8220;&#8220;][vc_column offset=&#8220;vc_col-lg-offset-1 vc_col-lg-10&#8243;]<a itemprop=\"url\" href=\"http:\/\/de\/kontakt\/\" target=\"_self\"  class=\"qodef-btn qodef-btn-medium qodef-btn-solid\"  >\n\t        <span class=\"qodef-btn-text\">Kontakt<\/span>\n            <\/a>[\/vc_column][\/vc_row]<\/p>\n<\/div>","protected":false},"excerpt":{"rendered":"<p>[vc_row row_content_width=&#8220;grid&#8220; content_text_aligment=&#8220;center&#8220; css=&#8220;.vc_custom_1569258029257{padding-top: 20px !important;padding-bottom: 175px !important;}&#8220;][vc_column width=&#8220;5\/6&#8243; offset=&#8220;vc_col-lg-offset-1 vc_col-lg-10&#8243;][vc_column_text] Das Angebot von Marito richtet sich sowohl an entschlossene Menschen, die genau wissen, welche Art von M\u00f6beln sie in ihrer Wohnung oder ihrem B\u00fcro aufstellen wollen, als auch an diejenigen, die einfach nur eine Idee f\u00fcr ihren Raum suchen! [&hellip;]<\/p>\n","protected":false},"author":7,"featured_media":0,"parent":0,"menu_order":0,"comment_status":"closed","ping_status":"closed","template":"","meta":{"footnotes":""},"class_list":["post-10393","page","type-page","status-publish","hentry"],"yoast_head":"<!-- This site is optimized with the Yoast SEO plugin v25.8 - https:\/\/yoast.com\/wordpress\/plugins\/seo\/ -->\n<title>M\u00f6bel bestellen | Wroc\u0142aw, Warszawa - Marito<\/title>\n<meta name=\"description\" content=\"Marito \u27a4 M\u00f6bel bestellen \u2714\ufe0f Kompleksowe wykonanie \u2714\ufe0f Nowoczesne realizacje \u2b50 Sprawd\u017a!\" \/>\n<meta name=\"robots\" content=\"index, follow, max-snippet:-1, max-image-preview:large, max-video-preview:-1\" \/>\n<link rel=\"canonical\" href=\"https:\/\/marito.pl\/de\/moebel-bestellen\/\" \/>\n<meta property=\"og:locale\" content=\"de_DE\" \/>\n<meta property=\"og:type\" content=\"article\" \/>\n<meta property=\"og:title\" content=\"M\u00f6bel bestellen | Wroc\u0142aw, Warszawa - Marito\" \/>\n<meta property=\"og:description\" content=\"Marito \u27a4 M\u00f6bel bestellen \u2714\ufe0f Kompleksowe wykonanie \u2714\ufe0f Nowoczesne realizacje \u2b50 Sprawd\u017a!\" \/>\n<meta property=\"og:url\" content=\"https:\/\/marito.pl\/de\/moebel-bestellen\/\" \/>\n<meta property=\"og:site_name\" content=\"Meble na wymiar i na zam\u00f3wienie - Marito\" \/>\n<meta property=\"article:modified_time\" content=\"2023-01-30T20:58:52+00:00\" \/>\n<meta name=\"twitter:card\" content=\"summary_large_image\" \/>\n<meta name=\"twitter:label1\" content=\"Gesch\u00e4tzte Lesezeit\" \/>\n\t<meta name=\"twitter:data1\" content=\"4\u00a0Minuten\" \/>\n<script type=\"application\/ld+json\" class=\"yoast-schema-graph\">{\"@context\":\"https:\/\/schema.org\",\"@graph\":[{\"@type\":\"WebPage\",\"@id\":\"https:\/\/marito.pl\/de\/moebel-bestellen\/\",\"url\":\"https:\/\/marito.pl\/de\/moebel-bestellen\/\",\"name\":\"M\u00f6bel bestellen | Wroc\u0142aw, Warszawa - Marito\",\"isPartOf\":{\"@id\":\"https:\/\/marito.pl\/de\/#website\"},\"datePublished\":\"2022-12-12T22:45:31+00:00\",\"dateModified\":\"2023-01-30T20:58:52+00:00\",\"description\":\"Marito \u27a4 M\u00f6bel bestellen \u2714\ufe0f Kompleksowe wykonanie \u2714\ufe0f Nowoczesne realizacje \u2b50 Sprawd\u017a!\",\"breadcrumb\":{\"@id\":\"https:\/\/marito.pl\/de\/moebel-bestellen\/#breadcrumb\"},\"inLanguage\":\"de\",\"potentialAction\":[{\"@type\":\"ReadAction\",\"target\":[\"https:\/\/marito.pl\/de\/moebel-bestellen\/\"]}]},{\"@type\":\"BreadcrumbList\",\"@id\":\"https:\/\/marito.pl\/de\/moebel-bestellen\/#breadcrumb\",\"itemListElement\":[{\"@type\":\"ListItem\",\"position\":1,\"name\":\"Strona g\u0142\u00f3wna\",\"item\":\"https:\/\/marito.pl\/de\/\"},{\"@type\":\"ListItem\",\"position\":2,\"name\":\"M\u00f6bel bestellen\"}]},{\"@type\":\"WebSite\",\"@id\":\"https:\/\/marito.pl\/de\/#website\",\"url\":\"https:\/\/marito.pl\/de\/\",\"name\":\"MARITO Meble na Wymiar Warszawa\",\"description\":\"Meble na wymiar i zam\u00f3wienie bezpo\u015brednio od producenta. Solidny, pewny i sprawdzony wykonawca mebli na wymiar.\",\"alternateName\":\"MARITO\",\"potentialAction\":[{\"@type\":\"SearchAction\",\"target\":{\"@type\":\"EntryPoint\",\"urlTemplate\":\"https:\/\/marito.pl\/de\/?s={search_term_string}\"},\"query-input\":{\"@type\":\"PropertyValueSpecification\",\"valueRequired\":true,\"valueName\":\"search_term_string\"}}],\"inLanguage\":\"de\"}]}<\/script>\n<!-- \/ Yoast SEO plugin. -->","yoast_head_json":{"title":"M\u00f6bel bestellen | Wroc\u0142aw, Warszawa - Marito","description":"Marito \u27a4 M\u00f6bel bestellen \u2714\ufe0f Kompleksowe wykonanie \u2714\ufe0f Nowoczesne realizacje \u2b50 Sprawd\u017a!","robots":{"index":"index","follow":"follow","max-snippet":"max-snippet:-1","max-image-preview":"max-image-preview:large","max-video-preview":"max-video-preview:-1"},"canonical":"https:\/\/marito.pl\/de\/moebel-bestellen\/","og_locale":"de_DE","og_type":"article","og_title":"M\u00f6bel bestellen | Wroc\u0142aw, Warszawa - Marito","og_description":"Marito \u27a4 M\u00f6bel bestellen \u2714\ufe0f Kompleksowe wykonanie \u2714\ufe0f Nowoczesne realizacje \u2b50 Sprawd\u017a!","og_url":"https:\/\/marito.pl\/de\/moebel-bestellen\/","og_site_name":"Meble na wymiar i na zam\u00f3wienie - Marito","article_modified_time":"2023-01-30T20:58:52+00:00","twitter_card":"summary_large_image","twitter_misc":{"Gesch\u00e4tzte Lesezeit":"4\u00a0Minuten"},"schema":{"@context":"https:\/\/schema.org","@graph":[{"@type":"WebPage","@id":"https:\/\/marito.pl\/de\/moebel-bestellen\/","url":"https:\/\/marito.pl\/de\/moebel-bestellen\/","name":"M\u00f6bel bestellen | Wroc\u0142aw, Warszawa - Marito","isPartOf":{"@id":"https:\/\/marito.pl\/de\/#website"},"datePublished":"2022-12-12T22:45:31+00:00","dateModified":"2023-01-30T20:58:52+00:00","description":"Marito \u27a4 M\u00f6bel bestellen \u2714\ufe0f Kompleksowe wykonanie \u2714\ufe0f Nowoczesne realizacje \u2b50 Sprawd\u017a!","breadcrumb":{"@id":"https:\/\/marito.pl\/de\/moebel-bestellen\/#breadcrumb"},"inLanguage":"de","potentialAction":[{"@type":"ReadAction","target":["https:\/\/marito.pl\/de\/moebel-bestellen\/"]}]},{"@type":"BreadcrumbList","@id":"https:\/\/marito.pl\/de\/moebel-bestellen\/#breadcrumb","itemListElement":[{"@type":"ListItem","position":1,"name":"Strona g\u0142\u00f3wna","item":"https:\/\/marito.pl\/de\/"},{"@type":"ListItem","position":2,"name":"M\u00f6bel bestellen"}]},{"@type":"WebSite","@id":"https:\/\/marito.pl\/de\/#website","url":"https:\/\/marito.pl\/de\/","name":"MARITO Meble na Wymiar Warszawa","description":"Meble na wymiar i zam\u00f3wienie bezpo\u015brednio od producenta. Solidny, pewny i sprawdzony wykonawca mebli na wymiar.","alternateName":"MARITO","potentialAction":[{"@type":"SearchAction","target":{"@type":"EntryPoint","urlTemplate":"https:\/\/marito.pl\/de\/?s={search_term_string}"},"query-input":{"@type":"PropertyValueSpecification","valueRequired":true,"valueName":"search_term_string"}}],"inLanguage":"de"}]}},"_links":{"self":[{"href":"https:\/\/marito.pl\/de\/wp-json\/wp\/v2\/pages\/10393","targetHints":{"allow":["GET"]}}],"collection":[{"href":"https:\/\/marito.pl\/de\/wp-json\/wp\/v2\/pages"}],"about":[{"href":"https:\/\/marito.pl\/de\/wp-json\/wp\/v2\/types\/page"}],"author":[{"embeddable":true,"href":"https:\/\/marito.pl\/de\/wp-json\/wp\/v2\/users\/7"}],"replies":[{"embeddable":true,"href":"https:\/\/marito.pl\/de\/wp-json\/wp\/v2\/comments?post=10393"}],"version-history":[{"count":0,"href":"https:\/\/marito.pl\/de\/wp-json\/wp\/v2\/pages\/10393\/revisions"}],"wp:attachment":[{"href":"https:\/\/marito.pl\/de\/wp-json\/wp\/v2\/media?parent=10393"}],"curies":[{"name":"wp","href":"https:\/\/api.w.org\/{rel}","templated":true}]}}