{"id":14344,"date":"2023-09-28T02:16:25","date_gmt":"2023-09-28T00:16:25","guid":{"rendered":"https:\/\/marito.pl\/?page_id=14344"},"modified":"2025-09-30T19:27:00","modified_gmt":"2025-09-30T17:27:00","slug":"kontakt-warschau","status":"publish","type":"page","link":"https:\/\/marito.pl\/de\/kontakt-warschau\/","title":{"rendered":"Kontakt"},"content":{"rendered":"<div class=\"wpb-content-wrapper\"><p>[vc_row][vc_column][\/vc_column][\/vc_row][vc_row row_content_width=&#8220;grid&#8220; css=&#8220;.vc_custom_1565295806008{margin-top: 40px !important;margin-bottom: 40px !important;}&#8220;][vc_column][vc_row_inner][vc_column_inner width=&#8220;1\/2&#8243;][vc_column_text css_animation=&#8220;none&#8220;]<\/p>\n<h6><strong><span style=\"color: #000000;\">Nehmen Sie Kontakt mit uns auf!<\/span><\/strong><\/h6>\n<h6><span style=\"color: #000000;\">Nutzen Sie das Formular auf unserer Website, senden Sie uns eine E-Mail oder rufen Sie uns an \u2013 wir beantworten gerne all Ihre Fragen. Wenn Sie uns als Anhang zur Nachricht den Entwurf des zu gestaltenden Innenraums zusenden oder die Ma\u00dfe der M\u00f6bel angeben, die Sie bestellen m\u00f6chten, erstellen wir Ihnen umgehend ein kostenloses Angebot! Dieses wird die Kosten f\u00fcr die Projekterstellung, das Aufma\u00df, die Ausf\u00fchrung der Bestellung sowie deren Lieferung und Montage umfassen.<\/span><\/h6>\n<p>&nbsp;<\/p>\n<h6><span style=\"color: #000000;\">Wolisz osobiste spotkanie z nami? Zadzwo\u0144 i zarezerwuj termin! Podczas spotkania w naszym punkcie sprzeda\u017cy przedstawimy Ci pr\u00f3bki dost\u0119pnych u nas kolor\u00f3w i materia\u0142\u00f3w. Ju\u017c na tym etapie s\u0142u\u017cymy te\u017c w pe\u0142ni darmowym, profesjonalnym doradztwem. Ustalimy szczeg\u00f3\u0142y dotycz\u0105ce mebli, kt\u00f3re chcia\u0142by\u015b zam\u00f3wi\u0107, i odpowiemy na wszystkie Twoje pytania. Po ustaleniu szczeg\u00f3\u0142\u00f3w przygotujemy od razu bezp\u0142atn\u0105 wycen\u0119.<\/span><\/h6>\n<p>&nbsp;<\/p>\n<h6><span style=\"color: #000000;\">Nasz\u0105 ofert\u0119 kierujemy przede wszystkim do mieszka\u0144c\u00f3w Warszawy i okolic. Chcesz zleci\u0107 nam wi\u0119ksze prace? Dojedziemy we wskazane przez Ciebie miejsce na terenie ca\u0142ej Polski!<\/span><\/h6>\n<p>[\/vc_column_text][\/vc_column_inner][vc_column_inner width=&#8220;1\/2&#8243;][vc_column_text]<\/p>\n<h6><strong>Napisz do nas<\/strong><\/h6>\n<p>[\/vc_column_text][vc_empty_space height=&#8220;30px&#8220;]\n<div class=\"wpcf7 no-js\" id=\"wpcf7-f10407-o1\" lang=\"de-DE\" dir=\"ltr\" data-wpcf7-id=\"10407\">\n<div class=\"screen-reader-response\"><p role=\"status\" aria-live=\"polite\" aria-atomic=\"true\"><\/p> <ul><\/ul><\/div>\n<form action=\"\/de\/wp-json\/wp\/v2\/pages\/14344#wpcf7-f10407-o1\" method=\"post\" class=\"wpcf7-form init\" aria-label=\"Kontaktformular\" novalidate=\"novalidate\" data-status=\"init\">\n<fieldset class=\"hidden-fields-container\"><input type=\"hidden\" name=\"_wpcf7\" value=\"10407\" \/><input type=\"hidden\" name=\"_wpcf7_version\" value=\"6.1.1\" \/><input type=\"hidden\" name=\"_wpcf7_locale\" value=\"de_DE\" \/><input type=\"hidden\" name=\"_wpcf7_unit_tag\" value=\"wpcf7-f10407-o1\" \/><input type=\"hidden\" name=\"_wpcf7_container_post\" value=\"0\" \/><input type=\"hidden\" name=\"_wpcf7_posted_data_hash\" value=\"\" \/>\n<\/fieldset>\n<div class=\"wpcf7-turnstile cf-turnstile\" data-sitekey=\"0x4AAAAAABzBpq6snGQzEkN0\" data-response-field-name=\"_wpcf7_turnstile_response\"><\/div>\n\n<div class=\"qodef-newsletter\" style=\"  display: flex ; flex-direction: column; justify-content: flex-start; align-items: flex-start; z-index:99999;\">\n\t<p style=\"clear:both; text-align:left; float:left;\">\n\t<\/p>\n\t<div style=\"clear:both; text-align:left; float:left;\">\n\t\t<p><span class=\"wpcf7-form-control-wrap\" data-name=\"text-610\"><input size=\"40\" maxlength=\"400\" class=\"wpcf7-form-control wpcf7-text\" aria-invalid=\"false\" placeholder=\"Vorname und Nachname\" value=\"\" type=\"text\" name=\"text-610\" \/><\/span>\n\t\t<\/p>\n\t<\/div>\n\t<div style=\"clear:both; text-align:left; float:left;\">\n\t\t<p><span class=\"wpcf7-form-control-wrap\" data-name=\"your-email\"><input size=\"40\" maxlength=\"400\" class=\"wpcf7-form-control wpcf7-email wpcf7-validates-as-required wpcf7-text wpcf7-validates-as-email\" aria-required=\"true\" aria-invalid=\"false\" placeholder=\"E-Mail Adresse\" value=\"\" type=\"email\" name=\"your-email\" \/><\/span>\n\t\t<\/p>\n\t<\/div>\n\t<div style=\"clear:both; text-align:left; float:left;\">\n\t\t<p><span class=\"wpcf7-form-control-wrap\" data-name=\"text-806\"><input size=\"40\" maxlength=\"400\" class=\"wpcf7-form-control wpcf7-text\" aria-invalid=\"false\" placeholder=\"Telefon\" value=\"\" type=\"text\" name=\"text-806\" \/><\/span>\n\t\t<\/p>\n\t<\/div>\n\t<div style=\"clear:both; text-align:left; float:left;\">\n\t\t<p><span class=\"wpcf7-form-control-wrap\" data-name=\"city\"><input size=\"40\" maxlength=\"400\" class=\"wpcf7-form-control wpcf7-text wpcf7-validates-as-required\" aria-required=\"true\" aria-invalid=\"false\" placeholder=\"Stadt\" value=\"\" type=\"text\" name=\"city\" \/><\/span>\n\t\t<\/p>\n\t<\/div>\n\t<div style=\"clear:both; text-align:left; float:left;\">\n\t\t<p><span class=\"wpcf7-form-control-wrap\" data-name=\"your-message\"><textarea cols=\"40\" rows=\"10\" maxlength=\"2000\" class=\"wpcf7-form-control wpcf7-textarea\" aria-invalid=\"false\" placeholder=\"Nachricht\" name=\"your-message\"><\/textarea><\/span>\n\t\t<\/p>\n\t<\/div>\n\t<p style=\"clear:both; text-align:left; float:left;\"><br \/>\n<span class=\"wpcf7-form-control-wrap\" data-name=\"file-27\"><input size=\"40\" class=\"wpcf7-form-control wpcf7-drag-n-drop-file d-none\" aria-invalid=\"false\" type=\"file\" multiple=\"multiple\" data-name=\"file-27\" data-type=\"png|jpg|jpeg|doc|docx|pdf\" data-limit=\"5242880\" data-id=\"10407\" data-version=\"free version 1.3.9.1\" accept=\".png, .jpg, .jpeg, .doc, .docx, .pdf\" \/><\/span>\n\t<\/p>\n\t<p style=\"font-size:12px;\">Der Verantwortliche f\u00fcr Ihre personenbezogenen Daten ist MARITO ARKADIUSZ KAMIL DURAK mit Sitz in Warschau, ul. Pu\u0142awska 543, 02-884 Warschau, NIP: 1231247586, REGON: 144409921.<br \/>\nIhre personenbezogenen Daten werden ausschlie\u00dflich zum Zweck der Kontaktaufnahme mit Ihnen sowie zu den rechtlich berechtigten Interessen des Datenverantwortlichen verarbeitet.<br \/>\nDie Angabe Ihrer personenbezogenen Daten ist freiwillig, jedoch notwendig, um mit Ihnen in Kontakt treten zu k\u00f6nnen.<br \/>\nDetaillierte Informationen \u00fcber die Verarbeitung Ihrer personenbezogenen Daten finden Sie in unserer <a href=\"\/polityka-prywatnosci\/\" target=\"_blank\">Datenschutzerkl\u00e4rung<\/a> zu den Grunds\u00e4tzen der Datenverarbeitung.\n\t<\/p>\n\t<div style=\"display: flex; margin: 20px 0;\">\n\t\t<div class=\"wpcf7-form-control-wrap gcaptcha\"><div class=\"g-recaptcha\" data-sitekey=\"6LcoGdorAAAAAG2VfW_bfu2IdVatD01dP5S5VDth\"><\/div><\/div>\n\t<\/div>\n\t<p style=\"clear:both; text-align:left; float:left;\"><br \/>\n<input class=\"wpcf7-form-control wpcf7-submit has-spinner\" type=\"submit\" value=\"Senden Sie\" \/>\n\t<\/p>\n<\/div>\n<div class=\"cf7-hp\" aria-hidden=\"true\">\n\t<p><span class=\"wpcf7-form-control-wrap\" data-name=\"hp_field\"><input size=\"40\" maxlength=\"400\" class=\"wpcf7-form-control wpcf7-text\" id=\"hp_field\" tabindex=\"-1\" autocomplete=\"off\" aria-invalid=\"false\" value=\"\" type=\"text\" name=\"hp_field\" \/><\/span>\n\t<\/p>\n<\/div>\n<input class=\"wpcf7-form-control wpcf7-hidden\" value=\"\" type=\"hidden\" name=\"hp_time\" \/>\n<style>\n.wpcf7-response-output {clear:both; text-align:left; float:left;}\n.cf7-hp {\n position: absolute !important;\n left: -5000px !important;\n width: 1px !important;\n height: 1px !important;\n overflow: hidden !important;\n opacity: 0 !important;\n}\n<\/style><div class=\"wpcf7-response-output\" aria-hidden=\"true\"><\/div>\n<\/form>\n<\/div>\n[vc_empty_space height=&#8220;30px&#8220;][\/vc_column_inner][\/vc_row_inner][vc_row_inner][vc_column_inner][vc_empty_space height=&#8220;50px&#8220;][\/vc_column_inner][\/vc_row_inner][vc_separator color=&#8220;custom&#8220; align=&#8220;align_left&#8220; el_width=&#8220;70&#8243; css=&#8220;.vc_custom_1528112018257{padding-top: 30px !important;}&#8220; accent_color=&#8220;#e5e5e5&#8243;][\/vc_column][\/vc_row][vc_row content_text_aligment=&#8220;center&#8220;][vc_column][vc_column_text css_animation=&#8220;none&#8220; css=&#8220;&#8220;]<\/p>\n<h6><strong><span style=\"color: #000000;\">Verkaufsstelle<\/span><\/strong><\/h6>\n<h6>02-884 Warszawa<br \/>\nUl. Pu\u0142awska 543<br \/>\nParter<\/h6>\n<h6><a href=\"mailto:info@marito.pl\"><strong>info@marito.pl<\/strong><\/a><\/h6>\n<p>[\/vc_column_text][\/vc_column][\/vc_row][vc_row][vc_column width=&#8220;1\/3&#8243;][vc_column_text]<\/p>\n<h6 style=\"text-align: center;\">\nMonika So\u0142daczuk (d. Bury\u0142o)<a href=\"tel:+48502875922\">+48 502 875 922<\/a><\/h6>\n<p>[\/vc_column_text][\/vc_column][vc_column width=&#8220;1\/3&#8243;][vc_column_text]<\/p>\n<h6 style=\"text-align: center;\">\nSylwia Wojdan<a href=\"tel:+48786638678\">+48 786 638 678<\/a><\/h6>\n<p>[\/vc_column_text][\/vc_column][vc_column width=&#8220;1\/3&#8243;][vc_column_text]<\/p>\n<h6 style=\"text-align: center;\">\nPrzemyslaw Wasylik<a href=\"tel:+48518780192\">+48 518 780 192<\/a><\/h6>\n<p>[\/vc_column_text][\/vc_column][\/vc_row][vc_row content_text_aligment=&#8220;center&#8220;][vc_column][vc_column_text css_animation=&#8220;none&#8220; css=&#8220;&#8220;]<\/p>\n<h6>\n\u00d6ffnungszeiten: <strong> Mo &#8211; Fr 9:00 &#8211; 17:00<\/strong><\/h6>\n<p><span style=\"color: #ff0000;\">Bitte vereinbaren Sie vorab einen Termin.<br \/>\nParkpl\u00e4tze f\u00fcr Kunden befinden sich auf der gegen\u00fcberliegenden Seite des Geb\u00e4udes in der Stra\u00dfe \u2026 Mariana Rejewskiego<br \/>\n<\/span><\/p>\n<h6>\n<p>M<strong>onta\u017ce<\/strong> Arkadiusz Durak<a href=\"tel:+48510255510\">+48 510 255 510<\/a><\/h6>\n<h6><span style=\"color: #ff0000;\"> <\/span><\/h6>\n<p>[\/vc_column_text][\/vc_column][\/vc_row][vc_row content_text_aligment=&#8220;center&#8220;][vc_column][vc_single_image image=&#8220;14281&#8243; img_size=&#8220;full&#8220; alignment=&#8220;center&#8220; onclick=&#8220;custom_link&#8220; img_link_target=&#8220;_blank&#8220; css_animation=&#8220;fadeIn&#8220; link=&#8220;https:\/\/www.instagram.com\/marito_pl\/&#8220;][\/vc_column][\/vc_row][vc_row][vc_column][vc_empty_space height=&#8220;50px&#8220;][vc_separator color=&#8220;custom&#8220; align=&#8220;align_left&#8220; el_width=&#8220;70&#8243; css=&#8220;.vc_custom_1528112018257{padding-top: 30px !important;}&#8220; accent_color=&#8220;#e5e5e5&#8243;][vc_column_text]Registrierungsdaten des Unternehmens: Marito Arkadiusz Kamil Durak Pu\u0142awska 543, 02-884 Warschau NIP 123 124 75 86 REGON 144409921[\/vc_column_text][vc_empty_space height=&#8220;30px&#8220;][\/vc_column][\/vc_row]<\/p>\n<\/div>","protected":false},"excerpt":{"rendered":"<p>[vc_row][vc_column][\/vc_column][\/vc_row][vc_row row_content_width=&#8220;grid&#8220; css=&#8220;.vc_custom_1565295806008{margin-top: 40px !important;margin-bottom: 40px !important;}&#8220;][vc_column][vc_row_inner][vc_column_inner width=&#8220;1\/2&#8243;][vc_column_text css_animation=&#8220;none&#8220;] Nehmen Sie Kontakt mit uns auf! Nutzen Sie das Formular auf unserer Website, senden Sie uns eine E-Mail oder rufen Sie uns an \u2013 wir beantworten gerne all Ihre Fragen. Wenn Sie uns als Anhang zur Nachricht den Entwurf des zu [&hellip;]<\/p>\n","protected":false},"author":7,"featured_media":0,"parent":0,"menu_order":0,"comment_status":"closed","ping_status":"closed","template":"","meta":{"footnotes":""},"class_list":["post-14344","page","type-page","status-publish","hentry"],"yoast_head":"<!-- This site is optimized with the Yoast SEO plugin v25.8 - https:\/\/yoast.com\/wordpress\/plugins\/seo\/ -->\n<title>Kontakt | Wroc\u0142aw, Warszawa - Marito<\/title>\n<meta name=\"description\" content=\"Marito \u27a4 Kontakt \u2714\ufe0f Kompleksowe wykonanie \u2714\ufe0f Nowoczesne realizacje \u2b50 Sprawd\u017a!\" \/>\n<meta name=\"robots\" content=\"index, follow, max-snippet:-1, max-image-preview:large, max-video-preview:-1\" \/>\n<link rel=\"canonical\" href=\"https:\/\/marito.pl\/de\/kontakt-warschau\/\" \/>\n<meta property=\"og:locale\" content=\"de_DE\" \/>\n<meta property=\"og:type\" content=\"article\" \/>\n<meta property=\"og:title\" content=\"Kontakt | Wroc\u0142aw, Warszawa - Marito\" \/>\n<meta property=\"og:description\" content=\"Marito \u27a4 Kontakt \u2714\ufe0f Kompleksowe wykonanie \u2714\ufe0f Nowoczesne realizacje \u2b50 Sprawd\u017a!\" \/>\n<meta property=\"og:url\" content=\"https:\/\/marito.pl\/de\/kontakt-warschau\/\" \/>\n<meta property=\"og:site_name\" content=\"Meble na wymiar i na zam\u00f3wienie - Marito\" \/>\n<meta property=\"article:modified_time\" content=\"2025-09-30T17:27:00+00:00\" \/>\n<meta name=\"twitter:card\" content=\"summary_large_image\" \/>\n<meta name=\"twitter:label1\" content=\"Gesch\u00e4tzte Lesezeit\" \/>\n\t<meta name=\"twitter:data1\" content=\"2\u00a0Minuten\" \/>\n<script type=\"application\/ld+json\" class=\"yoast-schema-graph\">{\"@context\":\"https:\/\/schema.org\",\"@graph\":[{\"@type\":\"WebPage\",\"@id\":\"https:\/\/marito.pl\/de\/kontakt-warschau\/\",\"url\":\"https:\/\/marito.pl\/de\/kontakt-warschau\/\",\"name\":\"Kontakt | Wroc\u0142aw, Warszawa - Marito\",\"isPartOf\":{\"@id\":\"https:\/\/marito.pl\/de\/#website\"},\"datePublished\":\"2023-09-28T00:16:25+00:00\",\"dateModified\":\"2025-09-30T17:27:00+00:00\",\"description\":\"Marito \u27a4 Kontakt \u2714\ufe0f Kompleksowe wykonanie \u2714\ufe0f Nowoczesne realizacje \u2b50 Sprawd\u017a!\",\"breadcrumb\":{\"@id\":\"https:\/\/marito.pl\/de\/kontakt-warschau\/#breadcrumb\"},\"inLanguage\":\"de\",\"potentialAction\":[{\"@type\":\"ReadAction\",\"target\":[\"https:\/\/marito.pl\/de\/kontakt-warschau\/\"]}]},{\"@type\":\"BreadcrumbList\",\"@id\":\"https:\/\/marito.pl\/de\/kontakt-warschau\/#breadcrumb\",\"itemListElement\":[{\"@type\":\"ListItem\",\"position\":1,\"name\":\"Strona g\u0142\u00f3wna\",\"item\":\"https:\/\/marito.pl\/de\/\"},{\"@type\":\"ListItem\",\"position\":2,\"name\":\"Kontakt\"}]},{\"@type\":\"WebSite\",\"@id\":\"https:\/\/marito.pl\/de\/#website\",\"url\":\"https:\/\/marito.pl\/de\/\",\"name\":\"MARITO Meble na Wymiar Warszawa\",\"description\":\"Meble na wymiar i zam\u00f3wienie bezpo\u015brednio od producenta. Solidny, pewny i sprawdzony wykonawca mebli na wymiar.\",\"alternateName\":\"MARITO\",\"potentialAction\":[{\"@type\":\"SearchAction\",\"target\":{\"@type\":\"EntryPoint\",\"urlTemplate\":\"https:\/\/marito.pl\/de\/?s={search_term_string}\"},\"query-input\":{\"@type\":\"PropertyValueSpecification\",\"valueRequired\":true,\"valueName\":\"search_term_string\"}}],\"inLanguage\":\"de\"}]}<\/script>\n<!-- \/ Yoast SEO plugin. -->","yoast_head_json":{"title":"Kontakt | Wroc\u0142aw, Warszawa - Marito","description":"Marito \u27a4 Kontakt \u2714\ufe0f Kompleksowe wykonanie \u2714\ufe0f Nowoczesne realizacje \u2b50 Sprawd\u017a!","robots":{"index":"index","follow":"follow","max-snippet":"max-snippet:-1","max-image-preview":"max-image-preview:large","max-video-preview":"max-video-preview:-1"},"canonical":"https:\/\/marito.pl\/de\/kontakt-warschau\/","og_locale":"de_DE","og_type":"article","og_title":"Kontakt | Wroc\u0142aw, Warszawa - Marito","og_description":"Marito \u27a4 Kontakt \u2714\ufe0f Kompleksowe wykonanie \u2714\ufe0f Nowoczesne realizacje \u2b50 Sprawd\u017a!","og_url":"https:\/\/marito.pl\/de\/kontakt-warschau\/","og_site_name":"Meble na wymiar i na zam\u00f3wienie - Marito","article_modified_time":"2025-09-30T17:27:00+00:00","twitter_card":"summary_large_image","twitter_misc":{"Gesch\u00e4tzte Lesezeit":"2\u00a0Minuten"},"schema":{"@context":"https:\/\/schema.org","@graph":[{"@type":"WebPage","@id":"https:\/\/marito.pl\/de\/kontakt-warschau\/","url":"https:\/\/marito.pl\/de\/kontakt-warschau\/","name":"Kontakt | Wroc\u0142aw, Warszawa - Marito","isPartOf":{"@id":"https:\/\/marito.pl\/de\/#website"},"datePublished":"2023-09-28T00:16:25+00:00","dateModified":"2025-09-30T17:27:00+00:00","description":"Marito \u27a4 Kontakt \u2714\ufe0f Kompleksowe wykonanie \u2714\ufe0f Nowoczesne realizacje \u2b50 Sprawd\u017a!","breadcrumb":{"@id":"https:\/\/marito.pl\/de\/kontakt-warschau\/#breadcrumb"},"inLanguage":"de","potentialAction":[{"@type":"ReadAction","target":["https:\/\/marito.pl\/de\/kontakt-warschau\/"]}]},{"@type":"BreadcrumbList","@id":"https:\/\/marito.pl\/de\/kontakt-warschau\/#breadcrumb","itemListElement":[{"@type":"ListItem","position":1,"name":"Strona g\u0142\u00f3wna","item":"https:\/\/marito.pl\/de\/"},{"@type":"ListItem","position":2,"name":"Kontakt"}]},{"@type":"WebSite","@id":"https:\/\/marito.pl\/de\/#website","url":"https:\/\/marito.pl\/de\/","name":"MARITO Meble na Wymiar Warszawa","description":"Meble na wymiar i zam\u00f3wienie bezpo\u015brednio od producenta. Solidny, pewny i sprawdzony wykonawca mebli na wymiar.","alternateName":"MARITO","potentialAction":[{"@type":"SearchAction","target":{"@type":"EntryPoint","urlTemplate":"https:\/\/marito.pl\/de\/?s={search_term_string}"},"query-input":{"@type":"PropertyValueSpecification","valueRequired":true,"valueName":"search_term_string"}}],"inLanguage":"de"}]}},"_links":{"self":[{"href":"https:\/\/marito.pl\/de\/wp-json\/wp\/v2\/pages\/14344","targetHints":{"allow":["GET"]}}],"collection":[{"href":"https:\/\/marito.pl\/de\/wp-json\/wp\/v2\/pages"}],"about":[{"href":"https:\/\/marito.pl\/de\/wp-json\/wp\/v2\/types\/page"}],"author":[{"embeddable":true,"href":"https:\/\/marito.pl\/de\/wp-json\/wp\/v2\/users\/7"}],"replies":[{"embeddable":true,"href":"https:\/\/marito.pl\/de\/wp-json\/wp\/v2\/comments?post=14344"}],"version-history":[{"count":10,"href":"https:\/\/marito.pl\/de\/wp-json\/wp\/v2\/pages\/14344\/revisions"}],"predecessor-version":[{"id":15488,"href":"https:\/\/marito.pl\/de\/wp-json\/wp\/v2\/pages\/14344\/revisions\/15488"}],"wp:attachment":[{"href":"https:\/\/marito.pl\/de\/wp-json\/wp\/v2\/media?parent=14344"}],"curies":[{"name":"wp","href":"https:\/\/api.w.org\/{rel}","templated":true}]}}