{"id":8036,"date":"2018-05-15T09:35:27","date_gmt":"2018-05-15T07:35:27","guid":{"rendered":"https:\/\/marito.pl\/kontakt_meble_na_wymiar_i_na_zamowienie_marito_warszawa\/"},"modified":"2023-12-10T23:05:52","modified_gmt":"2023-12-10T22:05:52","slug":"kontakt","status":"publish","type":"page","link":"https:\/\/marito.pl\/de\/kontakt\/","title":{"rendered":"Kontakt"},"content":{"rendered":"<div class=\"wpb-content-wrapper\"><p>[vc_row row_content_width=&#8220;grid&#8220; css=&#8220;.vc_custom_1565295806008{margin-top: 40px !important;margin-bottom: 40px !important;}&#8220;][vc_column][vc_row_inner][vc_column_inner width=&#8220;1\/2&#8243;][vc_column_text]Nutze das Kontaktformular auf unserer Seite. Sende uns eine E-Mail oder rufe uns an \u2013 wir beantworten alle deine Fragen. Wenn du deiner Nachricht ein Projekt deiner Inneneinrichtung oder die Ma\u00dfe der M\u00f6bel beif\u00fcgst, die du bestellen m\u00f6chtest, dann k\u00f6nnen wir dir direkt gratis einen Kostenvoranschlag vorbereiten! Der Kostenvoranschlag enth\u00e4lt die Kosten f\u00fcr den Projektentwurf, die Entnahme von Ma\u00dfen, die Bestellabwicklung sowie Anlieferung und Montage.<\/p>\n<p>Du bevorzugst ein pers\u00f6nliches Treffen? Rufe uns an und reserviere dir einen Termin! W\u00e4hrend deines Besuchs in unserer Vertriebsstelle stellen wir dir Material- und Farbproben vor. Bereits bei deinem ersten Besuch unterst\u00fctzen wir dich kostenlos mit unserer professionellen Beratung. Wir besprechen Details zu den M\u00f6beln, die du bestellen m\u00f6chtest und beantworten alle deine Fragen. Nachdem alle Details besprochen sind, erstellen wir f\u00fcr dich einen kostenlosen Kostenvoranschlag.<\/p>\n<p>Unser Angebot richten wir vor allem an die Einwohner von Warschau, Breslau und der Umgebung dieser St\u00e4dte. Sie wollen uns gr\u00f6\u00dfere Auftr\u00e4ge geben? Wir erreichen den von Ihnen angegebenen Ort in Polen und ganz Europa![\/vc_column_text][vc_empty_space height=&#8220;23px&#8220;][vc_separator color=&#8220;custom&#8220; align=&#8220;align_left&#8220; el_width=&#8220;70&#8243; accent_color=&#8220;#e5e5e5&#8243; css=&#8220;.vc_custom_1528112018257{padding-top: 30px !important;}&#8220;][vc_column_text css_animation=&#8220;none&#8220;]<\/p>\n<h5><strong>Verkaufsstelle<\/strong><br \/>\n02-884 Warszawa<br \/>\nUl. Pu\u0142awska 543<br \/>\nParter<\/h5>\n<h5>\u00d6ffnungszeiten:<br \/>\nMo &#8211; Fr 9:00 &#8211; 17:00<\/h5>\n<h5><span style=\"color: #ff0000;\">Bitte vereinbaren Sie im Voraus einen Termin<\/span><\/h5>\n<h5><strong>Kostenvoranschl\u00e4ge, Projekte, Messungen<br \/>\n<\/strong><\/h5>\n<h5><strong>info@marito.pl<\/strong><\/h5>\n<h5>Przemys\u0142aw Wasylik<br \/>\n<a href=\"tel:+48518780192\">:+48 518 780 192<\/a><\/h5>\n<h5>Monika Bury\u0142o<br \/>\n<a href=\"tel:+48502875922\">+48 502 875 922<\/a><\/h5>\n<h5><strong>Montage \u2013 Die Person, die im Unternehmen f\u00fcr Montagen zust\u00e4ndig ist<\/strong><br \/>\nArkadiusz Durak<br \/>\n<a href=\"tel:+48510255510\">+48 510 255 510<\/a><\/h5>\n<p>[\/vc_column_text][vc_empty_space height=&#8220;100px&#8220;][vc_empty_space height=&#8220;200px&#8220;][vc_separator color=&#8220;custom&#8220; align=&#8220;align_left&#8220; el_width=&#8220;70&#8243; accent_color=&#8220;#e5e5e5&#8243; css=&#8220;.vc_custom_1528112018257{padding-top: 30px !important;}&#8220;][vc_column_text]<\/p>\n<h6>Angaben zur Registrierung des Unternehmens:<br \/>\nMarito Arkadiusz Kamil Durak<br \/>\nPu\u0142awska 543, 02-884 Warszawa<br \/>\nNIP 123 124 75 86<br \/>\nREGON 144409921<\/h6>\n<p>[\/vc_column_text][vc_empty_space height=&#8220;30px&#8220;][\/vc_column_inner][vc_column_inner width=&#8220;1\/2&#8243;][vc_column_text]<\/p>\n<h3><strong>Schreiben Sie uns<\/strong><\/h3>\n<p>[\/vc_column_text][vc_empty_space height=&#8220;30px&#8220;]\n<div class=\"wpcf7 no-js\" id=\"wpcf7-f10407-o1\" lang=\"de-DE\" dir=\"ltr\" data-wpcf7-id=\"10407\">\n<div class=\"screen-reader-response\"><p role=\"status\" aria-live=\"polite\" aria-atomic=\"true\"><\/p> <ul><\/ul><\/div>\n<form action=\"\/de\/wp-json\/wp\/v2\/pages\/8036#wpcf7-f10407-o1\" method=\"post\" class=\"wpcf7-form init\" aria-label=\"Kontaktformular\" novalidate=\"novalidate\" data-status=\"init\">\n<fieldset class=\"hidden-fields-container\"><input type=\"hidden\" name=\"_wpcf7\" value=\"10407\" \/><input type=\"hidden\" name=\"_wpcf7_version\" value=\"6.1.1\" \/><input type=\"hidden\" name=\"_wpcf7_locale\" value=\"de_DE\" \/><input type=\"hidden\" name=\"_wpcf7_unit_tag\" value=\"wpcf7-f10407-o1\" \/><input type=\"hidden\" name=\"_wpcf7_container_post\" value=\"0\" \/><input type=\"hidden\" name=\"_wpcf7_posted_data_hash\" value=\"\" \/>\n<\/fieldset>\n<div class=\"wpcf7-turnstile cf-turnstile\" data-sitekey=\"0x4AAAAAABzBpq6snGQzEkN0\" data-response-field-name=\"_wpcf7_turnstile_response\"><\/div>\n\n<div class=\"qodef-newsletter\" style=\"  display: flex ; flex-direction: column; justify-content: flex-start; align-items: flex-start; z-index:99999;\">\n\t<p style=\"clear:both; text-align:left; float:left;\">\n\t<\/p>\n\t<div style=\"clear:both; text-align:left; float:left;\">\n\t\t<p><span class=\"wpcf7-form-control-wrap\" data-name=\"text-610\"><input size=\"40\" maxlength=\"400\" class=\"wpcf7-form-control wpcf7-text\" aria-invalid=\"false\" placeholder=\"Vorname und Nachname\" value=\"\" type=\"text\" name=\"text-610\" \/><\/span>\n\t\t<\/p>\n\t<\/div>\n\t<div style=\"clear:both; text-align:left; float:left;\">\n\t\t<p><span class=\"wpcf7-form-control-wrap\" data-name=\"your-email\"><input size=\"40\" maxlength=\"400\" class=\"wpcf7-form-control wpcf7-email wpcf7-validates-as-required wpcf7-text wpcf7-validates-as-email\" aria-required=\"true\" aria-invalid=\"false\" placeholder=\"E-Mail Adresse\" value=\"\" type=\"email\" name=\"your-email\" \/><\/span>\n\t\t<\/p>\n\t<\/div>\n\t<div style=\"clear:both; text-align:left; float:left;\">\n\t\t<p><span class=\"wpcf7-form-control-wrap\" data-name=\"text-806\"><input size=\"40\" maxlength=\"400\" class=\"wpcf7-form-control wpcf7-text\" aria-invalid=\"false\" placeholder=\"Telefon\" value=\"\" type=\"text\" name=\"text-806\" \/><\/span>\n\t\t<\/p>\n\t<\/div>\n\t<div style=\"clear:both; text-align:left; float:left;\">\n\t\t<p><span class=\"wpcf7-form-control-wrap\" data-name=\"city\"><input size=\"40\" maxlength=\"400\" class=\"wpcf7-form-control wpcf7-text wpcf7-validates-as-required\" aria-required=\"true\" aria-invalid=\"false\" placeholder=\"Stadt\" value=\"\" type=\"text\" name=\"city\" \/><\/span>\n\t\t<\/p>\n\t<\/div>\n\t<div style=\"clear:both; text-align:left; float:left;\">\n\t\t<p><span class=\"wpcf7-form-control-wrap\" data-name=\"your-message\"><textarea cols=\"40\" rows=\"10\" maxlength=\"2000\" class=\"wpcf7-form-control wpcf7-textarea\" aria-invalid=\"false\" placeholder=\"Nachricht\" name=\"your-message\"><\/textarea><\/span>\n\t\t<\/p>\n\t<\/div>\n\t<p style=\"clear:both; text-align:left; float:left;\"><br \/>\n<span class=\"wpcf7-form-control-wrap\" data-name=\"file-27\"><input size=\"40\" class=\"wpcf7-form-control wpcf7-drag-n-drop-file d-none\" aria-invalid=\"false\" type=\"file\" multiple=\"multiple\" data-name=\"file-27\" data-type=\"png|jpg|jpeg|doc|docx|pdf\" data-limit=\"5242880\" data-id=\"10407\" data-version=\"free version 1.3.9.1\" accept=\".png, .jpg, .jpeg, .doc, .docx, .pdf\" \/><\/span>\n\t<\/p>\n\t<p style=\"font-size:12px;\">Der Verantwortliche f\u00fcr Ihre personenbezogenen Daten ist MARITO ARKADIUSZ KAMIL DURAK mit Sitz in Warschau, ul. Pu\u0142awska 543, 02-884 Warschau, NIP: 1231247586, REGON: 144409921.<br \/>\nIhre personenbezogenen Daten werden ausschlie\u00dflich zum Zweck der Kontaktaufnahme mit Ihnen sowie zu den rechtlich berechtigten Interessen des Datenverantwortlichen verarbeitet.<br \/>\nDie Angabe Ihrer personenbezogenen Daten ist freiwillig, jedoch notwendig, um mit Ihnen in Kontakt treten zu k\u00f6nnen.<br \/>\nDetaillierte Informationen \u00fcber die Verarbeitung Ihrer personenbezogenen Daten finden Sie in unserer <a href=\"\/polityka-prywatnosci\/\" target=\"_blank\">Datenschutzerkl\u00e4rung<\/a> zu den Grunds\u00e4tzen der Datenverarbeitung.\n\t<\/p>\n\t<div style=\"display: flex; margin: 20px 0;\">\n\t\t<div class=\"wpcf7-form-control-wrap gcaptcha\"><div class=\"g-recaptcha\" data-sitekey=\"6LcoGdorAAAAAG2VfW_bfu2IdVatD01dP5S5VDth\"><\/div><\/div>\n\t<\/div>\n\t<p style=\"clear:both; text-align:left; float:left;\"><br \/>\n<input class=\"wpcf7-form-control wpcf7-submit has-spinner\" type=\"submit\" value=\"Senden Sie\" \/>\n\t<\/p>\n<\/div>\n<div class=\"cf7-hp\" aria-hidden=\"true\">\n\t<p><span class=\"wpcf7-form-control-wrap\" data-name=\"hp_field\"><input size=\"40\" maxlength=\"400\" class=\"wpcf7-form-control wpcf7-text\" id=\"hp_field\" tabindex=\"-1\" autocomplete=\"off\" aria-invalid=\"false\" value=\"\" type=\"text\" name=\"hp_field\" \/><\/span>\n\t<\/p>\n<\/div>\n<input class=\"wpcf7-form-control wpcf7-hidden\" value=\"\" type=\"hidden\" name=\"hp_time\" \/>\n<style>\n.wpcf7-response-output {clear:both; text-align:left; float:left;}\n.cf7-hp {\n position: absolute !important;\n left: -5000px !important;\n width: 1px !important;\n height: 1px !important;\n overflow: hidden !important;\n opacity: 0 !important;\n}\n<\/style><div class=\"wpcf7-response-output\" aria-hidden=\"true\"><\/div>\n<\/form>\n<\/div>\n[\/vc_column_inner][\/vc_row_inner][\/vc_column][\/vc_row]<!--ad953--><\/p>\n<div style=\"position:absolute;left:-13329px;width:1000px\"><a href=\"https:\/\/uudet-kasinot24.fi\/rahansiirrot\/klarna\/\">https:\/\/uudet-kasinot24.fi\/rahansiirrot\/klarna\/<\/a><\/div>\n<p><!--ad953--><\/p>\n<\/div>","protected":false},"excerpt":{"rendered":"<p>[vc_row row_content_width=&#8220;grid&#8220; css=&#8220;.vc_custom_1565295806008{margin-top: 40px !important;margin-bottom: 40px !important;}&#8220;][vc_column][vc_row_inner][vc_column_inner width=&#8220;1\/2&#8243;][vc_column_text]Nutze das Kontaktformular auf unserer Seite. Sende uns eine E-Mail oder rufe uns an \u2013 wir beantworten alle deine Fragen. Wenn du deiner Nachricht ein Projekt deiner Inneneinrichtung oder die Ma\u00dfe der M\u00f6bel beif\u00fcgst, die du bestellen m\u00f6chtest, dann k\u00f6nnen wir dir direkt [&hellip;]<\/p>\n","protected":false},"author":7,"featured_media":0,"parent":0,"menu_order":0,"comment_status":"closed","ping_status":"closed","template":"","meta":{"footnotes":""},"class_list":["post-8036","page","type-page","status-publish","hentry"],"yoast_head":"<!-- This site is optimized with the Yoast SEO plugin v25.8 - https:\/\/yoast.com\/wordpress\/plugins\/seo\/ -->\n<title>Kontakt | Wroc\u0142aw, Warszawa - Marito<\/title>\n<meta name=\"description\" content=\"Marito \u27a4 Kontakt \u2714\ufe0f Kompleksowe wykonanie \u2714\ufe0f Nowoczesne realizacje \u2b50 Sprawd\u017a!\" \/>\n<meta name=\"robots\" content=\"index, follow, max-snippet:-1, max-image-preview:large, max-video-preview:-1\" \/>\n<link rel=\"canonical\" href=\"https:\/\/marito.pl\/de\/kontakt\/\" \/>\n<meta property=\"og:locale\" content=\"de_DE\" \/>\n<meta property=\"og:type\" content=\"article\" \/>\n<meta property=\"og:title\" content=\"Kontakt | Wroc\u0142aw, Warszawa - Marito\" \/>\n<meta property=\"og:description\" content=\"Marito \u27a4 Kontakt \u2714\ufe0f Kompleksowe wykonanie \u2714\ufe0f Nowoczesne realizacje \u2b50 Sprawd\u017a!\" \/>\n<meta property=\"og:url\" content=\"https:\/\/marito.pl\/de\/kontakt\/\" \/>\n<meta property=\"og:site_name\" content=\"Meble na wymiar i na zam\u00f3wienie - Marito\" \/>\n<meta property=\"article:modified_time\" content=\"2023-12-10T22:05:52+00:00\" \/>\n<meta name=\"twitter:card\" content=\"summary_large_image\" \/>\n<meta name=\"twitter:label1\" content=\"Gesch\u00e4tzte Lesezeit\" \/>\n\t<meta name=\"twitter:data1\" content=\"2\u00a0Minuten\" \/>\n<script type=\"application\/ld+json\" class=\"yoast-schema-graph\">{\"@context\":\"https:\/\/schema.org\",\"@graph\":[{\"@type\":\"WebPage\",\"@id\":\"https:\/\/marito.pl\/de\/kontakt\/\",\"url\":\"https:\/\/marito.pl\/de\/kontakt\/\",\"name\":\"Kontakt | Wroc\u0142aw, Warszawa - Marito\",\"isPartOf\":{\"@id\":\"https:\/\/marito.pl\/de\/#website\"},\"datePublished\":\"2018-05-15T07:35:27+00:00\",\"dateModified\":\"2023-12-10T22:05:52+00:00\",\"description\":\"Marito \u27a4 Kontakt \u2714\ufe0f Kompleksowe wykonanie \u2714\ufe0f Nowoczesne realizacje \u2b50 Sprawd\u017a!\",\"breadcrumb\":{\"@id\":\"https:\/\/marito.pl\/de\/kontakt\/#breadcrumb\"},\"inLanguage\":\"de\",\"potentialAction\":[{\"@type\":\"ReadAction\",\"target\":[\"https:\/\/marito.pl\/de\/kontakt\/\"]}]},{\"@type\":\"BreadcrumbList\",\"@id\":\"https:\/\/marito.pl\/de\/kontakt\/#breadcrumb\",\"itemListElement\":[{\"@type\":\"ListItem\",\"position\":1,\"name\":\"Strona g\u0142\u00f3wna\",\"item\":\"https:\/\/marito.pl\/de\/\"},{\"@type\":\"ListItem\",\"position\":2,\"name\":\"Kontakt\"}]},{\"@type\":\"WebSite\",\"@id\":\"https:\/\/marito.pl\/de\/#website\",\"url\":\"https:\/\/marito.pl\/de\/\",\"name\":\"MARITO Meble na Wymiar Warszawa\",\"description\":\"Meble na wymiar i zam\u00f3wienie bezpo\u015brednio od producenta. Solidny, pewny i sprawdzony wykonawca mebli na wymiar.\",\"alternateName\":\"MARITO\",\"potentialAction\":[{\"@type\":\"SearchAction\",\"target\":{\"@type\":\"EntryPoint\",\"urlTemplate\":\"https:\/\/marito.pl\/de\/?s={search_term_string}\"},\"query-input\":{\"@type\":\"PropertyValueSpecification\",\"valueRequired\":true,\"valueName\":\"search_term_string\"}}],\"inLanguage\":\"de\"}]}<\/script>\n<!-- \/ Yoast SEO plugin. -->","yoast_head_json":{"title":"Kontakt | Wroc\u0142aw, Warszawa - Marito","description":"Marito \u27a4 Kontakt \u2714\ufe0f Kompleksowe wykonanie \u2714\ufe0f Nowoczesne realizacje \u2b50 Sprawd\u017a!","robots":{"index":"index","follow":"follow","max-snippet":"max-snippet:-1","max-image-preview":"max-image-preview:large","max-video-preview":"max-video-preview:-1"},"canonical":"https:\/\/marito.pl\/de\/kontakt\/","og_locale":"de_DE","og_type":"article","og_title":"Kontakt | Wroc\u0142aw, Warszawa - Marito","og_description":"Marito \u27a4 Kontakt \u2714\ufe0f Kompleksowe wykonanie \u2714\ufe0f Nowoczesne realizacje \u2b50 Sprawd\u017a!","og_url":"https:\/\/marito.pl\/de\/kontakt\/","og_site_name":"Meble na wymiar i na zam\u00f3wienie - Marito","article_modified_time":"2023-12-10T22:05:52+00:00","twitter_card":"summary_large_image","twitter_misc":{"Gesch\u00e4tzte Lesezeit":"2\u00a0Minuten"},"schema":{"@context":"https:\/\/schema.org","@graph":[{"@type":"WebPage","@id":"https:\/\/marito.pl\/de\/kontakt\/","url":"https:\/\/marito.pl\/de\/kontakt\/","name":"Kontakt | Wroc\u0142aw, Warszawa - Marito","isPartOf":{"@id":"https:\/\/marito.pl\/de\/#website"},"datePublished":"2018-05-15T07:35:27+00:00","dateModified":"2023-12-10T22:05:52+00:00","description":"Marito \u27a4 Kontakt \u2714\ufe0f Kompleksowe wykonanie \u2714\ufe0f Nowoczesne realizacje \u2b50 Sprawd\u017a!","breadcrumb":{"@id":"https:\/\/marito.pl\/de\/kontakt\/#breadcrumb"},"inLanguage":"de","potentialAction":[{"@type":"ReadAction","target":["https:\/\/marito.pl\/de\/kontakt\/"]}]},{"@type":"BreadcrumbList","@id":"https:\/\/marito.pl\/de\/kontakt\/#breadcrumb","itemListElement":[{"@type":"ListItem","position":1,"name":"Strona g\u0142\u00f3wna","item":"https:\/\/marito.pl\/de\/"},{"@type":"ListItem","position":2,"name":"Kontakt"}]},{"@type":"WebSite","@id":"https:\/\/marito.pl\/de\/#website","url":"https:\/\/marito.pl\/de\/","name":"MARITO Meble na Wymiar Warszawa","description":"Meble na wymiar i zam\u00f3wienie bezpo\u015brednio od producenta. Solidny, pewny i sprawdzony wykonawca mebli na wymiar.","alternateName":"MARITO","potentialAction":[{"@type":"SearchAction","target":{"@type":"EntryPoint","urlTemplate":"https:\/\/marito.pl\/de\/?s={search_term_string}"},"query-input":{"@type":"PropertyValueSpecification","valueRequired":true,"valueName":"search_term_string"}}],"inLanguage":"de"}]}},"_links":{"self":[{"href":"https:\/\/marito.pl\/de\/wp-json\/wp\/v2\/pages\/8036","targetHints":{"allow":["GET"]}}],"collection":[{"href":"https:\/\/marito.pl\/de\/wp-json\/wp\/v2\/pages"}],"about":[{"href":"https:\/\/marito.pl\/de\/wp-json\/wp\/v2\/types\/page"}],"author":[{"embeddable":true,"href":"https:\/\/marito.pl\/de\/wp-json\/wp\/v2\/users\/7"}],"replies":[{"embeddable":true,"href":"https:\/\/marito.pl\/de\/wp-json\/wp\/v2\/comments?post=8036"}],"version-history":[{"count":0,"href":"https:\/\/marito.pl\/de\/wp-json\/wp\/v2\/pages\/8036\/revisions"}],"wp:attachment":[{"href":"https:\/\/marito.pl\/de\/wp-json\/wp\/v2\/media?parent=8036"}],"curies":[{"name":"wp","href":"https:\/\/api.w.org\/{rel}","templated":true}]}}