{"id":8764,"date":"2019-08-29T12:10:31","date_gmt":"2019-08-29T10:10:31","guid":{"rendered":"https:\/\/marito.pl\/?page_id=8764"},"modified":"2023-02-06T21:37:27","modified_gmt":"2023-02-06T20:37:27","slug":"proben","status":"publish","type":"page","link":"https:\/\/marito.pl\/de\/proben\/","title":{"rendered":"Proben"},"content":{"rendered":"<div class=\"wpb-content-wrapper\"><p>[vc_row][vc_column]<div class=\"qodef-accordion-holder qodef-ac-default  qodef-toggle qodef-in-grid  clearfix\">\n\t<h5 class=\"qodef-accordion-title\">\n    <span class=\"qodef-accordion-width\">\n        <span class=\"qodef-tab-title\">P\u0142yta EGGER<\/span>\n        <span class=\"qodef-accordion-mark\">\n            <span class=\"qodef_icon_plus icon_plus\"><\/span>\n            <span class=\"qodef_icon_minus icon_minus-06\"><\/span>\n        <\/span>\n    <\/span>\n<\/h5>\n<div class=\"qodef-accordion-content\">\n\t<div class=\"qodef-accordion-content-inner\">\n        <div class=\"qodef-accordion-width\">\n\t\t    [vc_column_text]<\/p>\n<p style=\"text-align: center;\"><a href=\"https:\/\/www.egger.com\/shop\/pl_PL\/interior\/decors\" target=\"_blank\" rel=\"noopener noreferrer\">EGGER dekory<\/a><\/p>\n<p>[\/vc_column_text]        <\/div>\n\t<\/div>\n<\/div><\/div>[\/vc_column][\/vc_row][vc_row][vc_column]<div class=\"qodef-accordion-holder qodef-ac-default  qodef-toggle qodef-in-grid  clearfix\">\n\t<h5 class=\"qodef-accordion-title\">\n    <span class=\"qodef-accordion-width\">\n        <span class=\"qodef-tab-title\">Produkty Blum<\/span>\n        <span class=\"qodef-accordion-mark\">\n            <span class=\"qodef_icon_plus icon_plus\"><\/span>\n            <span class=\"qodef_icon_minus icon_minus-06\"><\/span>\n        <\/span>\n    <\/span>\n<\/h5>\n<div class=\"qodef-accordion-content\">\n\t<div class=\"qodef-accordion-content-inner\">\n        <div class=\"qodef-accordion-width\">\n\t\t    [vc_column_text]<\/p>\n<p style=\"text-align: center;\"><a href=\"https:\/\/www.blum.com\/pl\/pl\/products\/product-world\/\" target=\"_blank\" rel=\"noopener noreferrer\">Blum produkty<\/a><\/p>\n<p>[\/vc_column_text]        <\/div>\n\t<\/div>\n<\/div><\/div>[\/vc_column][\/vc_row][vc_row][vc_column]<div class=\"qodef-accordion-holder qodef-ac-default  qodef-toggle qodef-in-grid  clearfix\">\n\t<h5 class=\"qodef-accordion-title\">\n    <span class=\"qodef-accordion-width\">\n        <span class=\"qodef-tab-title\">Produkty Peka<\/span>\n        <span class=\"qodef-accordion-mark\">\n            <span class=\"qodef_icon_plus icon_plus\"><\/span>\n            <span class=\"qodef_icon_minus icon_minus-06\"><\/span>\n        <\/span>\n    <\/span>\n<\/h5>\n<div class=\"qodef-accordion-content\">\n\t<div class=\"qodef-accordion-content-inner\">\n        <div class=\"qodef-accordion-width\">\n\t\t    [vc_column_text]<\/p>\n<ul>\n<li style=\"text-align: left;\"><a href=\"https:\/\/peka.pl\/kategoria\/systemy-wysokie?order=name_sort,asc\" target=\"_blank\" rel=\"noopener noreferrer\">Systemy wysokie<\/a><\/li>\n<\/ul>\n<p>[\/vc_column_text][vc_column_text]<\/p>\n<ul>\n<li style=\"text-align: left;\"><a href=\"https:\/\/peka.pl\/kategoria\/systemy-podblatowe?order=name_sort,asc\" target=\"_blank\" rel=\"noopener noreferrer\">Systemy podblatowe<\/a><\/li>\n<\/ul>\n<p>[\/vc_column_text][vc_column_text]<\/p>\n<ul>\n<li style=\"text-align: left;\"><a href=\"https:\/\/peka.pl\/kategoria\/systemy-narozne?order=name_sort,asc\" target=\"_blank\" rel=\"noopener noreferrer\">Szafki kuchenne naro\u017cne<\/a><\/li>\n<\/ul>\n<p>[\/vc_column_text][vc_column_text]<\/p>\n<ul>\n<li style=\"text-align: left;\"><a href=\"https:\/\/peka.pl\/kategoria\/wyposazenie-szuflad?order=name_sort,asc\" target=\"_blank\" rel=\"noopener noreferrer\">Wyposa\u017cenie szuflad<\/a><\/li>\n<\/ul>\n<p>[\/vc_column_text][vc_column_text]<\/p>\n<ul>\n<li style=\"text-align: left;\"><a href=\"https:\/\/peka.pl\/kategoria\/kosze-na-smieci?order=name_sort,asc\" target=\"_blank\" rel=\"noopener noreferrer\">Kosze na \u015bmieci<\/a><\/li>\n<\/ul>\n<p>[\/vc_column_text][vc_column_text]<\/p>\n<ul>\n<li style=\"text-align: left;\"><a href=\"https:\/\/peka.pl\/kategoria\/podnosniki?order=name_sort,asc\" target=\"_blank\" rel=\"noopener noreferrer\">Podno\u015bniki meblowe<\/a><\/li>\n<\/ul>\n<p>[\/vc_column_text][vc_column_text]<\/p>\n<ul>\n<li style=\"text-align: left;\"><a href=\"https:\/\/peka.pl\/kategoria\/systemy-gorne?order=name_sort,asc\" target=\"_blank\" rel=\"noopener noreferrer\">Systemy g\u00f3rne<\/a><\/li>\n<\/ul>\n<p>[\/vc_column_text][vc_column_text]<\/p>\n<ul>\n<li style=\"text-align: left;\"><a href=\"https:\/\/peka.pl\/kategoria\/systemy-relingowe?order=name_sort,asc\" target=\"_blank\" rel=\"noopener noreferrer\">Systemy relingowe<\/a><\/li>\n<\/ul>\n<p>[\/vc_column_text][vc_column_text]<\/p>\n<ul>\n<li style=\"text-align: left;\"><a href=\"https:\/\/peka.pl\/kategoria\/systemy-do-garderoby?order=name_sort,asc\" target=\"_blank\" rel=\"noopener noreferrer\">Systemy do garderoby<\/a><\/li>\n<\/ul>\n<p>[\/vc_column_text][vc_column_text]<\/p>\n<ul>\n<li style=\"text-align: left;\"><a href=\"https:\/\/peka.pl\/kategoria\/systemy-regalowe?order=name_sort,asc\" target=\"_blank\" rel=\"noopener noreferrer\">Systemy rega\u0142owe<\/a><\/li>\n<\/ul>\n<p>[\/vc_column_text][vc_column_text]<\/p>\n<ul>\n<li style=\"text-align: left;\"><a href=\"https:\/\/peka.pl\/kategoria\/systemy-gospodarcze?order=name_sort,asc\" target=\"_blank\" rel=\"noopener noreferrer\">Systemy gospodarcze<\/a><\/li>\n<\/ul>\n<p>[\/vc_column_text][vc_column_text]<\/p>\n<ul>\n<li style=\"text-align: left;\"><a href=\"https:\/\/peka.pl\/kategoria\/systemy-do-lazienki?order=name_sort,asc\" target=\"_blank\" rel=\"noopener noreferrer\">Systemy do \u0142azienki<\/a><\/li>\n<\/ul>\n<p>[\/vc_column_text][vc_column_text]<\/p>\n<ul>\n<li style=\"text-align: left;\"><a href=\"https:\/\/peka.pl\/kategoria\/systemy-hawa?order=name_sort,asc\" target=\"_blank\" rel=\"noopener noreferrer\">Systemy Hawa<\/a><\/li>\n<\/ul>\n<p>[\/vc_column_text][vc_column_text]<\/p>\n<ul>\n<li style=\"text-align: left;\"><a href=\"https:\/\/peka.pl\/kategoria\/systemy-schuco?order=name_sort,asc\" target=\"_blank\" rel=\"noopener noreferrer\">Systemy Sch\u00fcco<\/a><\/li>\n<\/ul>\n<p>[\/vc_column_text][vc_column_text]<\/p>\n<ul>\n<li style=\"text-align: left;\"><a href=\"https:\/\/peka.pl\/kategoria\/systemy-grass?order=name_sort,asc\" target=\"_blank\" rel=\"noopener noreferrer\">Systemy Grass<\/a><\/li>\n<\/ul>\n<p>[\/vc_column_text][vc_column_text]<\/p>\n<ul>\n<li style=\"text-align: left;\"><a href=\"https:\/\/peka.pl\/kategoria\/stelaze-stolow?order=name_sort,asc\" target=\"_blank\" rel=\"noopener noreferrer\">Stela\u017ce do sto\u0142\u00f3w<\/a><\/li>\n<\/ul>\n<p>[\/vc_column_text]        <\/div>\n\t<\/div>\n<\/div><\/div>[\/vc_column][\/vc_row][vc_row][vc_column]<div class=\"qodef-accordion-holder qodef-ac-default  qodef-toggle qodef-in-grid  clearfix\">\n\t<h5 class=\"qodef-accordion-title\">\n    <span class=\"qodef-accordion-width\">\n        <span class=\"qodef-tab-title\">Produkty ZOBAL<\/span>\n        <span class=\"qodef-accordion-mark\">\n            <span class=\"qodef_icon_plus icon_plus\"><\/span>\n            <span class=\"qodef_icon_minus icon_minus-06\"><\/span>\n        <\/span>\n    <\/span>\n<\/h5>\n<div class=\"qodef-accordion-content\">\n\t<div class=\"qodef-accordion-content-inner\">\n        <div class=\"qodef-accordion-width\">\n\t\t    [vc_column_text]<\/p>\n<p style=\"text-align: center;\"><a href=\"https:\/\/zobal.com.pl\/produkty\/\" target=\"_blank\" rel=\"noopener noreferrer\">ZOBAL produkty<\/a><\/p>\n<p>[\/vc_column_text]        <\/div>\n\t<\/div>\n<\/div><\/div>[\/vc_column][\/vc_row][vc_row][vc_column]<div class=\"qodef-accordion-holder qodef-ac-default  qodef-toggle qodef-in-grid  clearfix\">\n\t<h5 class=\"qodef-accordion-title\">\n    <span class=\"qodef-accordion-width\">\n        <span class=\"qodef-tab-title\">Produkty REHAU<\/span>\n        <span class=\"qodef-accordion-mark\">\n            <span class=\"qodef_icon_plus icon_plus\"><\/span>\n            <span class=\"qodef_icon_minus icon_minus-06\"><\/span>\n        <\/span>\n    <\/span>\n<\/h5>\n<div class=\"qodef-accordion-content\">\n\t<div class=\"qodef-accordion-content-inner\">\n        <div class=\"qodef-accordion-width\">\n\t\t    [vc_column_text]<\/p>\n<ul>\n<li style=\"text-align: left;\"><a href=\"https:\/\/www.rehau.com\/pl-pl\/obrzeza\" target=\"_blank\" rel=\"noopener noreferrer\">Obrze\u017ca meblowe<\/a><\/li>\n<\/ul>\n<p>[\/vc_column_text][vc_column_text]<\/p>\n<ul>\n<li style=\"text-align: left;\"><a href=\"https:\/\/www.rehau.com\/pl-pl\/powierzchnie-i-fronty\" target=\"_blank\" rel=\"noopener noreferrer\">Powierzchnie i fronty meblowe<\/a><\/li>\n<\/ul>\n<p>[\/vc_column_text][vc_column_text]<\/p>\n<ul>\n<li style=\"text-align: left;\"><a href=\"https:\/\/www.rehau.com\/pl-pl\/zaluzje-meblowe\" target=\"_blank\" rel=\"noopener noreferrer\">\u017baluzje meblowe<\/a><\/li>\n<\/ul>\n<p>[\/vc_column_text][vc_column_text]<\/p>\n<ul>\n<li style=\"text-align: left;\"><a href=\"https:\/\/www.rehau.com\/pl-pl\/listwy-przyblatowe\" target=\"_blank\" rel=\"noopener noreferrer\">Listwy przyblatowe<\/a><\/li>\n<\/ul>\n<p>[\/vc_column_text][vc_column_text]<\/p>\n<ul>\n<li style=\"text-align: left;\"><a href=\"https:\/\/www.rehau.com\/pl-pl\/cokoly-kuchenne\" target=\"_blank\" rel=\"noopener noreferrer\">Coko\u0142y meblowe<\/a><\/li>\n<\/ul>\n<p>[\/vc_column_text]        <\/div>\n\t<\/div>\n<\/div><\/div>[\/vc_column][\/vc_row][vc_row][vc_column]<div class=\"qodef-accordion-holder qodef-ac-default  qodef-toggle qodef-in-grid  clearfix\">\n\t<h5 class=\"qodef-accordion-title\">\n    <span class=\"qodef-accordion-width\">\n        <span class=\"qodef-tab-title\">Produkty Manufaktura \u0141om\u017ca<\/span>\n        <span class=\"qodef-accordion-mark\">\n            <span class=\"qodef_icon_plus icon_plus\"><\/span>\n            <span class=\"qodef_icon_minus icon_minus-06\"><\/span>\n        <\/span>\n    <\/span>\n<\/h5>\n<div class=\"qodef-accordion-content\">\n\t<div class=\"qodef-accordion-content-inner\">\n        <div class=\"qodef-accordion-width\">\n\t\t    [vc_column_text]<\/p>\n<p style=\"text-align: center;\"><a href=\"http:\/\/manufakturalomza.pl\/produkty\/\" target=\"_blank\" rel=\"noopener noreferrer\">Manufaktura \u0141om\u017ca produkty<\/a><\/p>\n<p>[\/vc_column_text]        <\/div>\n\t<\/div>\n<\/div><\/div>[\/vc_column][\/vc_row][vc_row][vc_column]<div class=\"qodef-accordion-holder qodef-ac-default  qodef-toggle qodef-in-grid  clearfix\">\n\t<h5 class=\"qodef-accordion-title\">\n    <span class=\"qodef-accordion-width\">\n        <span class=\"qodef-tab-title\">Kolory NCS, RAL, ICA<\/span>\n        <span class=\"qodef-accordion-mark\">\n            <span class=\"qodef_icon_plus icon_plus\"><\/span>\n            <span class=\"qodef_icon_minus icon_minus-06\"><\/span>\n        <\/span>\n    <\/span>\n<\/h5>\n<div class=\"qodef-accordion-content\">\n\t<div class=\"qodef-accordion-content-inner\">\n        <div class=\"qodef-accordion-width\">\n\t\t    [vc_column_text]<\/p>\n<ul>\n<li style=\"text-align: left;\"><a href=\"https:\/\/marito.pl\/wp-content\/uploads\/2019\/09\/Wzornik-ICA.pdf\" target=\"_blank\" rel=\"noopener noreferrer\">Wzornik ICA podstawowy<\/a><\/li>\n<\/ul>\n<p>[\/vc_column_text][vc_column_text]<\/p>\n<ul>\n<li style=\"text-align: left;\"><a href=\"https:\/\/marito.pl\/wp-content\/uploads\/2019\/09\/Wzornik-RAL.pdf\" target=\"_blank\" rel=\"noopener noreferrer\">Wzornik RAL classic<\/a><\/li>\n<\/ul>\n<p>[\/vc_column_text][vc_column_text]<\/p>\n<ul>\n<li style=\"text-align: left;\"><a href=\"https:\/\/marito.pl\/wp-content\/uploads\/2019\/09\/Wzornik-NCS-1.pdf\" target=\"_blank\" rel=\"noopener noreferrer\">Wzornik NCS podstawowy 1<\/a><\/li>\n<\/ul>\n<p>[\/vc_column_text][vc_column_text]<\/p>\n<ul>\n<li style=\"text-align: left;\"><a href=\"https:\/\/marito.pl\/wp-content\/uploads\/2019\/09\/Wzornik-NCS-2.pdf\" target=\"_blank\" rel=\"noopener noreferrer\">Wzornik NCS podstawowy 2<\/a><\/li>\n<\/ul>\n<p>[\/vc_column_text]        <\/div>\n\t<\/div>\n<\/div><\/div>[\/vc_column][\/vc_row][vc_row][vc_column]<div class=\"qodef-accordion-holder qodef-ac-default  qodef-toggle qodef-in-grid  clearfix\">\n\t<h5 class=\"qodef-accordion-title\">\n    <span class=\"qodef-accordion-width\">\n        <span class=\"qodef-tab-title\">Frezy<\/span>\n        <span class=\"qodef-accordion-mark\">\n            <span class=\"qodef_icon_plus icon_plus\"><\/span>\n            <span class=\"qodef_icon_minus icon_minus-06\"><\/span>\n        <\/span>\n    <\/span>\n<\/h5>\n<div class=\"qodef-accordion-content\">\n\t<div class=\"qodef-accordion-content-inner\">\n        <div class=\"qodef-accordion-width\">\n\t\t    [vc_media_grid element_width=&#8220;3&#8243; item=&#8220;mediaGrid_BlurWithContentBlock&#8220; grid_id=&#8220;vc_gid:1570863952280-675ec1d3-05c9-4&#8243; include=&#8220;7301,7302,7303,7304,7305,7306,7307,7308,7309,7310,7311,7312,7313,7314,7315,7316,7317,7318,7319,7320,7321,7299,7300&#8243;]        <\/div>\n\t<\/div>\n<\/div><\/div>[\/vc_column][\/vc_row][vc_row][vc_column]<div class=\"qodef-accordion-holder qodef-ac-default  qodef-toggle qodef-in-grid  clearfix\">\n\t<h5 class=\"qodef-accordion-title\">\n    <span class=\"qodef-accordion-width\">\n        <span class=\"qodef-tab-title\">A\u017cury<\/span>\n        <span class=\"qodef-accordion-mark\">\n            <span class=\"qodef_icon_plus icon_plus\"><\/span>\n            <span class=\"qodef_icon_minus icon_minus-06\"><\/span>\n        <\/span>\n    <\/span>\n<\/h5>\n<div class=\"qodef-accordion-content\">\n\t<div class=\"qodef-accordion-content-inner\">\n        <div class=\"qodef-accordion-width\">\n\t\t    [vc_media_grid element_width=&#8220;3&#8243; item=&#8220;mediaGrid_BlurWithContentBlock&#8220; grid_id=&#8220;vc_gid:1570863952335-9280cba8-2a53-5&#8243; include=&#8220;7330,7331,7332,7333,7334,7335,7336,7337,7338,7339&#8243;]        <\/div>\n\t<\/div>\n<\/div><\/div>[\/vc_column][\/vc_row][vc_row][vc_column]<div class=\"qodef-accordion-holder qodef-ac-default  qodef-toggle qodef-in-grid  clearfix\">\n\t<h5 class=\"qodef-accordion-title\">\n    <span class=\"qodef-accordion-width\">\n        <span class=\"qodef-tab-title\">Forniry ALPI<\/span>\n        <span class=\"qodef-accordion-mark\">\n            <span class=\"qodef_icon_plus icon_plus\"><\/span>\n            <span class=\"qodef_icon_minus icon_minus-06\"><\/span>\n        <\/span>\n    <\/span>\n<\/h5>\n<div class=\"qodef-accordion-content\">\n\t<div class=\"qodef-accordion-content-inner\">\n        <div class=\"qodef-accordion-width\">\n\t\t    [vc_media_grid item=&#8220;mediaGrid_BlurWithContentBlock&#8220; grid_id=&#8220;vc_gid:1570863952352-83fb094c-e379-9&#8243; include=&#8220;7262,7261,7260,7259,7258,7257,7256,7249,7250,7251,7253,7254,7255,7252,7248,7247,7246,7245,7244,7243,7242,7235,7236,7237,7238,7239,7240,7241,7234,7233,7232,7231,7230,7229,7228,7221,7222,7224,7223,7225,7226,7227,7220,7219,7218,7217,7216,7215,7214,7207,7208,7209,7210,7211,7212,7213,7206,7205,7204,7203,7202,7201,7200,7193,7194,7195,7196,7198,7199,7197,7190,7191,7192&#8243;]        <\/div>\n\t<\/div>\n<\/div><\/div>[\/vc_column][\/vc_row][vc_row][vc_column]<div class=\"qodef-accordion-holder qodef-ac-default  qodef-toggle qodef-in-grid  clearfix\">\n\t<h5 class=\"qodef-accordion-title\">\n    <span class=\"qodef-accordion-width\">\n        <span class=\"qodef-tab-title\">Wyposa\u017cenie szaf<\/span>\n        <span class=\"qodef-accordion-mark\">\n            <span class=\"qodef_icon_plus icon_plus\"><\/span>\n            <span class=\"qodef_icon_minus icon_minus-06\"><\/span>\n        <\/span>\n    <\/span>\n<\/h5>\n<div class=\"qodef-accordion-content\">\n\t<div class=\"qodef-accordion-content-inner\">\n        <div class=\"qodef-accordion-width\">\n\t\t    [vc_media_grid element_width=&#8220;3&#8243; item=&#8220;mediaGrid_ScaleInWithIcon&#8220; grid_id=&#8220;vc_gid:1570863952510-933ba878-d24e-7&#8243; include=&#8220;7066,7065,7049,7034,7031,7030,7026,7012,7011,7001,6964,6947,6938,6921,6920,6871,6870,6854,6828,6750,6753,6752,6729,6680,6602,6457,6400,6399,6219,6216,6214,6065,5954,5955,5870,5869,5868,5810&#8243;]        <\/div>\n\t<\/div>\n<\/div><\/div>[\/vc_column][\/vc_row][vc_row][vc_column]<div class=\"qodef-accordion-holder qodef-ac-default  qodef-toggle qodef-in-grid  clearfix\">\n\t<h5 class=\"qodef-accordion-title\">\n    <span class=\"qodef-accordion-width\">\n        <span class=\"qodef-tab-title\">Wyposa\u017cenie kuchni<\/span>\n        <span class=\"qodef-accordion-mark\">\n            <span class=\"qodef_icon_plus icon_plus\"><\/span>\n            <span class=\"qodef_icon_minus icon_minus-06\"><\/span>\n        <\/span>\n    <\/span>\n<\/h5>\n<div class=\"qodef-accordion-content\">\n\t<div class=\"qodef-accordion-content-inner\">\n        <div class=\"qodef-accordion-width\">\n\t\t    [vc_media_grid element_width=&#8220;3&#8243; item=&#8220;mediaGrid_ScaleInWithIcon&#8220; grid_id=&#8220;vc_gid:1570863952580-a17436c8-8f54-7&#8243; include=&#8220;6775,6777,6113,6112,6111,6110,6109,6774,5944,5945,6077,6097&#8243;]        <\/div>\n\t<\/div>\n<\/div><\/div>[\/vc_column][\/vc_row][vc_row][vc_column]<div class=\"qodef-accordion-holder qodef-ac-default  qodef-toggle qodef-in-grid  clearfix\">\n\t<h5 class=\"qodef-accordion-title\">\n    <span class=\"qodef-accordion-width\">\n        <span class=\"qodef-tab-title\">Uchwyty frezowane<\/span>\n        <span class=\"qodef-accordion-mark\">\n            <span class=\"qodef_icon_plus icon_plus\"><\/span>\n            <span class=\"qodef_icon_minus icon_minus-06\"><\/span>\n        <\/span>\n    <\/span>\n<\/h5>\n<div class=\"qodef-accordion-content\">\n\t<div class=\"qodef-accordion-content-inner\">\n        <div class=\"qodef-accordion-width\">\n\t\t    [vc_media_grid element_width=&#8220;3&#8243; item=&#8220;mediaGrid_ScaleInWithIcon&#8220; grid_id=&#8220;vc_gid:1570863952633-01ce0ce5-d236-6&#8243; include=&#8220;6971,6970,6045,6829,6929,6972,5807,5861,5899,5941,6046,6176,6183,6365,6375,6626,6641,6676,6756,6775,6798,6844,6941,6948,6952,6995,7013,6813&#8243;]        <\/div>\n\t<\/div>\n<\/div><\/div>[\/vc_column][\/vc_row][vc_row][vc_column]<div class=\"qodef-accordion-holder qodef-ac-default  qodef-toggle qodef-in-grid  clearfix\">\n\t<h5 class=\"qodef-accordion-title\">\n    <span class=\"qodef-accordion-width\">\n        <span class=\"qodef-tab-title\">Wentylacja<\/span>\n        <span class=\"qodef-accordion-mark\">\n            <span class=\"qodef_icon_plus icon_plus\"><\/span>\n            <span class=\"qodef_icon_minus icon_minus-06\"><\/span>\n        <\/span>\n    <\/span>\n<\/h5>\n<div class=\"qodef-accordion-content\">\n\t<div class=\"qodef-accordion-content-inner\">\n        <div class=\"qodef-accordion-width\">\n\t\t    [vc_media_grid element_width=&#8220;3&#8243; item=&#8220;mediaGrid_ScaleInWithIcon&#8220; grid_id=&#8220;vc_gid:1570863952668-1c77f290-bd8c-2&#8243; include=&#8220;7271,7270,7269,7264,7267,7266,7265,6776,6413,6169,5983,5943&#8243;]        <\/div>\n\t<\/div>\n<\/div><\/div>[\/vc_column][\/vc_row][vc_row][vc_column]<div class=\"qodef-accordion-holder qodef-ac-default  qodef-toggle qodef-in-grid  clearfix\">\n\t<h5 class=\"qodef-accordion-title\">\n    <span class=\"qodef-accordion-width\">\n        <span class=\"qodef-tab-title\">O\u015bwietlenie<\/span>\n        <span class=\"qodef-accordion-mark\">\n            <span class=\"qodef_icon_plus icon_plus\"><\/span>\n            <span class=\"qodef_icon_minus icon_minus-06\"><\/span>\n        <\/span>\n    <\/span>\n<\/h5>\n<div class=\"qodef-accordion-content\">\n\t<div class=\"qodef-accordion-content-inner\">\n        <div class=\"qodef-accordion-width\">\n\t\t    [vc_media_grid element_width=&#8220;3&#8243; item=&#8220;mediaGrid_ScaleInWithIcon&#8220; grid_id=&#8220;vc_gid:1570863952686-bb64b459-941b-6&#8243; include=&#8220;7039,7038,7001,6947,6921,6920,6824,6752,6750,6686,6665,6594,6081,6086,5821,5868,5869,5870,5995,6639,6642,6666,6688&#8243;]        <\/div>\n\t<\/div>\n<\/div><\/div>[\/vc_column][\/vc_row]<\/p>\n<\/div>","protected":false},"excerpt":{"rendered":"<p>[vc_row][vc_column][\/vc_column][\/vc_row][vc_row][vc_column][\/vc_column][\/vc_row][vc_row][vc_column][\/vc_column][\/vc_row][vc_row][vc_column][\/vc_column][\/vc_row][vc_row][vc_column][\/vc_column][\/vc_row][vc_row][vc_column][\/vc_column][\/vc_row][vc_row][vc_column][\/vc_column][\/vc_row][vc_row][vc_column][\/vc_column][\/vc_row][vc_row][vc_column][\/vc_column][\/vc_row][vc_row][vc_column][\/vc_column][\/vc_row][vc_row][vc_column][\/vc_column][\/vc_row][vc_row][vc_column][\/vc_column][\/vc_row][vc_row][vc_column][\/vc_column][\/vc_row][vc_row][vc_column][\/vc_column][\/vc_row][vc_row][vc_column][\/vc_column][\/vc_row]<\/p>\n","protected":false},"author":7,"featured_media":0,"parent":0,"menu_order":0,"comment_status":"closed","ping_status":"closed","template":"","meta":{"footnotes":""},"class_list":["post-8764","page","type-page","status-publish","hentry"],"yoast_head":"<!-- This site is optimized with the Yoast SEO plugin v25.8 - https:\/\/yoast.com\/wordpress\/plugins\/seo\/ -->\n<title>Proben | Wroc\u0142aw, Warszawa - Marito<\/title>\n<meta name=\"description\" content=\"Marito \u27a4 Proben \u2714\ufe0f Kompleksowe wykonanie \u2714\ufe0f Nowoczesne realizacje \u2b50 Sprawd\u017a!\" \/>\n<meta name=\"robots\" content=\"index, follow, max-snippet:-1, max-image-preview:large, max-video-preview:-1\" \/>\n<link rel=\"canonical\" href=\"https:\/\/marito.pl\/de\/proben\/\" \/>\n<meta property=\"og:locale\" content=\"de_DE\" \/>\n<meta property=\"og:type\" content=\"article\" \/>\n<meta property=\"og:title\" content=\"Proben | Wroc\u0142aw, Warszawa - Marito\" \/>\n<meta property=\"og:description\" content=\"Marito \u27a4 Proben \u2714\ufe0f Kompleksowe wykonanie \u2714\ufe0f Nowoczesne realizacje \u2b50 Sprawd\u017a!\" \/>\n<meta property=\"og:url\" content=\"https:\/\/marito.pl\/de\/proben\/\" \/>\n<meta property=\"og:site_name\" content=\"Meble na wymiar i na zam\u00f3wienie - Marito\" \/>\n<meta property=\"article:modified_time\" content=\"2023-02-06T20:37:27+00:00\" \/>\n<meta name=\"twitter:card\" content=\"summary_large_image\" \/>\n<meta name=\"twitter:label1\" content=\"Gesch\u00e4tzte Lesezeit\" \/>\n\t<meta name=\"twitter:data1\" content=\"2\u00a0Minuten\" \/>\n<script type=\"application\/ld+json\" class=\"yoast-schema-graph\">{\"@context\":\"https:\/\/schema.org\",\"@graph\":[{\"@type\":\"WebPage\",\"@id\":\"https:\/\/marito.pl\/de\/proben\/\",\"url\":\"https:\/\/marito.pl\/de\/proben\/\",\"name\":\"Proben | Wroc\u0142aw, Warszawa - Marito\",\"isPartOf\":{\"@id\":\"https:\/\/marito.pl\/de\/#website\"},\"datePublished\":\"2019-08-29T10:10:31+00:00\",\"dateModified\":\"2023-02-06T20:37:27+00:00\",\"description\":\"Marito \u27a4 Proben \u2714\ufe0f Kompleksowe wykonanie \u2714\ufe0f Nowoczesne realizacje \u2b50 Sprawd\u017a!\",\"breadcrumb\":{\"@id\":\"https:\/\/marito.pl\/de\/proben\/#breadcrumb\"},\"inLanguage\":\"de\",\"potentialAction\":[{\"@type\":\"ReadAction\",\"target\":[\"https:\/\/marito.pl\/de\/proben\/\"]}]},{\"@type\":\"BreadcrumbList\",\"@id\":\"https:\/\/marito.pl\/de\/proben\/#breadcrumb\",\"itemListElement\":[{\"@type\":\"ListItem\",\"position\":1,\"name\":\"Strona g\u0142\u00f3wna\",\"item\":\"https:\/\/marito.pl\/de\/\"},{\"@type\":\"ListItem\",\"position\":2,\"name\":\"Proben\"}]},{\"@type\":\"WebSite\",\"@id\":\"https:\/\/marito.pl\/de\/#website\",\"url\":\"https:\/\/marito.pl\/de\/\",\"name\":\"MARITO Meble na Wymiar Warszawa\",\"description\":\"Meble na wymiar i zam\u00f3wienie bezpo\u015brednio od producenta. Solidny, pewny i sprawdzony wykonawca mebli na wymiar.\",\"alternateName\":\"MARITO\",\"potentialAction\":[{\"@type\":\"SearchAction\",\"target\":{\"@type\":\"EntryPoint\",\"urlTemplate\":\"https:\/\/marito.pl\/de\/?s={search_term_string}\"},\"query-input\":{\"@type\":\"PropertyValueSpecification\",\"valueRequired\":true,\"valueName\":\"search_term_string\"}}],\"inLanguage\":\"de\"}]}<\/script>\n<!-- \/ Yoast SEO plugin. -->","yoast_head_json":{"title":"Proben | Wroc\u0142aw, Warszawa - Marito","description":"Marito \u27a4 Proben \u2714\ufe0f Kompleksowe wykonanie \u2714\ufe0f Nowoczesne realizacje \u2b50 Sprawd\u017a!","robots":{"index":"index","follow":"follow","max-snippet":"max-snippet:-1","max-image-preview":"max-image-preview:large","max-video-preview":"max-video-preview:-1"},"canonical":"https:\/\/marito.pl\/de\/proben\/","og_locale":"de_DE","og_type":"article","og_title":"Proben | Wroc\u0142aw, Warszawa - Marito","og_description":"Marito \u27a4 Proben \u2714\ufe0f Kompleksowe wykonanie \u2714\ufe0f Nowoczesne realizacje \u2b50 Sprawd\u017a!","og_url":"https:\/\/marito.pl\/de\/proben\/","og_site_name":"Meble na wymiar i na zam\u00f3wienie - Marito","article_modified_time":"2023-02-06T20:37:27+00:00","twitter_card":"summary_large_image","twitter_misc":{"Gesch\u00e4tzte Lesezeit":"2\u00a0Minuten"},"schema":{"@context":"https:\/\/schema.org","@graph":[{"@type":"WebPage","@id":"https:\/\/marito.pl\/de\/proben\/","url":"https:\/\/marito.pl\/de\/proben\/","name":"Proben | Wroc\u0142aw, Warszawa - Marito","isPartOf":{"@id":"https:\/\/marito.pl\/de\/#website"},"datePublished":"2019-08-29T10:10:31+00:00","dateModified":"2023-02-06T20:37:27+00:00","description":"Marito \u27a4 Proben \u2714\ufe0f Kompleksowe wykonanie \u2714\ufe0f Nowoczesne realizacje \u2b50 Sprawd\u017a!","breadcrumb":{"@id":"https:\/\/marito.pl\/de\/proben\/#breadcrumb"},"inLanguage":"de","potentialAction":[{"@type":"ReadAction","target":["https:\/\/marito.pl\/de\/proben\/"]}]},{"@type":"BreadcrumbList","@id":"https:\/\/marito.pl\/de\/proben\/#breadcrumb","itemListElement":[{"@type":"ListItem","position":1,"name":"Strona g\u0142\u00f3wna","item":"https:\/\/marito.pl\/de\/"},{"@type":"ListItem","position":2,"name":"Proben"}]},{"@type":"WebSite","@id":"https:\/\/marito.pl\/de\/#website","url":"https:\/\/marito.pl\/de\/","name":"MARITO Meble na Wymiar Warszawa","description":"Meble na wymiar i zam\u00f3wienie bezpo\u015brednio od producenta. Solidny, pewny i sprawdzony wykonawca mebli na wymiar.","alternateName":"MARITO","potentialAction":[{"@type":"SearchAction","target":{"@type":"EntryPoint","urlTemplate":"https:\/\/marito.pl\/de\/?s={search_term_string}"},"query-input":{"@type":"PropertyValueSpecification","valueRequired":true,"valueName":"search_term_string"}}],"inLanguage":"de"}]}},"_links":{"self":[{"href":"https:\/\/marito.pl\/de\/wp-json\/wp\/v2\/pages\/8764","targetHints":{"allow":["GET"]}}],"collection":[{"href":"https:\/\/marito.pl\/de\/wp-json\/wp\/v2\/pages"}],"about":[{"href":"https:\/\/marito.pl\/de\/wp-json\/wp\/v2\/types\/page"}],"author":[{"embeddable":true,"href":"https:\/\/marito.pl\/de\/wp-json\/wp\/v2\/users\/7"}],"replies":[{"embeddable":true,"href":"https:\/\/marito.pl\/de\/wp-json\/wp\/v2\/comments?post=8764"}],"version-history":[{"count":0,"href":"https:\/\/marito.pl\/de\/wp-json\/wp\/v2\/pages\/8764\/revisions"}],"wp:attachment":[{"href":"https:\/\/marito.pl\/de\/wp-json\/wp\/v2\/media?parent=8764"}],"curies":[{"name":"wp","href":"https:\/\/api.w.org\/{rel}","templated":true}]}}